{"id":2365,"date":"2019-12-10T23:03:01","date_gmt":"2019-12-10T21:03:01","guid":{"rendered":"https:\/\/visitarcticnorth.fi\/?page_id=2365"},"modified":"2024-03-19T11:04:25","modified_gmt":"2024-03-19T09:04:25","slug":"pyha-luosto-aktiviteetit","status":"publish","type":"page","link":"https:\/\/visitarcticnorth.fi\/fi\/pyha-luosto-aktiviteetit\/","title":{"rendered":"Aktiviteetit"},"content":{"rendered":"<p>[et_pb_section fb_built=&#8221;1&#8243; fullwidth=&#8221;on&#8221; admin_label=&#8221;Header Section&#8221; _builder_version=&#8221;4.16&#8243; background_color=&#8221;#000000&#8243; background_image=&#8221;https:\/\/visitarcticnorth.fi\/wp-content\/uploads\/2018\/10\/ArcticNorth_brandikuva_2.jpg&#8221; custom_padding=&#8221;|||&#8221; locked=&#8221;off&#8221; global_colors_info=&#8221;{}&#8221;][et_pb_fullwidth_header title=&#8221;Aktiviteetit&#8221; text_orientation=&#8221;center&#8221; background_overlay_color=&#8221;rgba(0,0,0,0.01)&#8221; content_max_width_last_edited=&#8221;off|desktop&#8221; admin_label=&#8221;Aktiviteetit-otsikko&#8221; _builder_version=&#8221;4.24.2&#8243; background_color=&#8221;rgba(255,255,255,0)&#8221; title_font_size_last_edited=&#8221;off|desktop&#8221; global_colors_info=&#8221;{}&#8221; button_one_text_size__hover_enabled=&#8221;off&#8221; button_one_text_size__hover=&#8221;null&#8221; button_two_text_size__hover_enabled=&#8221;off&#8221; button_two_text_size__hover=&#8221;null&#8221; button_one_text_color__hover_enabled=&#8221;off&#8221; button_one_text_color__hover=&#8221;null&#8221; button_two_text_color__hover_enabled=&#8221;off&#8221; button_two_text_color__hover=&#8221;null&#8221; button_one_border_width__hover_enabled=&#8221;off&#8221; button_one_border_width__hover=&#8221;null&#8221; button_two_border_width__hover_enabled=&#8221;off&#8221; button_two_border_width__hover=&#8221;null&#8221; button_one_border_color__hover_enabled=&#8221;on&#8221; button_one_border_color__hover=&#8221;#c99872&#8243; button_two_border_color__hover_enabled=&#8221;off&#8221; button_two_border_color__hover=&#8221;null&#8221; button_one_border_radius__hover_enabled=&#8221;off&#8221; button_one_border_radius__hover=&#8221;null&#8221; button_two_border_radius__hover_enabled=&#8221;off&#8221; button_two_border_radius__hover=&#8221;null&#8221; button_one_letter_spacing__hover_enabled=&#8221;off&#8221; button_one_letter_spacing__hover=&#8221;null&#8221; button_two_letter_spacing__hover_enabled=&#8221;off&#8221; button_two_letter_spacing__hover=&#8221;null&#8221; button_one_bg_color__hover_enabled=&#8221;on&#8221; button_one_bg_color__hover=&#8221;#c99872&#8243; button_two_bg_color__hover_enabled=&#8221;off&#8221; button_two_bg_color__hover=&#8221;null&#8221;][\/et_pb_fullwidth_header][\/et_pb_section][et_pb_section fb_built=&#8221;1&#8243; admin_label=&#8221;Products Section&#8221; _builder_version=&#8221;4.16&#8243; custom_padding=&#8221;50px|0px|52px|0px|false|&#8221; collapsed=&#8221;off&#8221; global_colors_info=&#8221;{}&#8221;][et_pb_row admin_label=&#8221;Section Header&#8221; _builder_version=&#8221;4.16&#8243; module_alignment=&#8221;center&#8221; custom_padding=&#8221;40px|0px|40px|0px&#8221; collapsed=&#8221;off&#8221; global_colors_info=&#8221;{}&#8221;][et_pb_column type=&#8221;4_4&#8243; _builder_version=&#8221;4.16&#8243; custom_padding=&#8221;|||&#8221; global_colors_info=&#8221;{}&#8221; custom_padding__hover=&#8221;|||&#8221;][et_pb_text admin_label=&#8221;Tittle&#8221; _builder_version=&#8221;4.16&#8243; header_2_font=&#8221;|||on|||||&#8221; text_orientation=&#8221;center&#8221; max_width_last_edited=&#8221;off|desktop&#8221; global_colors_info=&#8221;{}&#8221;]<\/p>\n<h2>L\u00f6yd\u00e4t ja ostat Pyh\u00e4-Luoston alueen parhaat aktiviteetit helposti Visit Arctic Northin verkkokaupasta. Suunnittele lomasi ja varaa aktivitteettisi.<\/h2>\n<p>[\/et_pb_text][\/et_pb_column][\/et_pb_row][et_pb_row column_structure=&#8221;1_3,1_3,1_3&#8243; _builder_version=&#8221;4.16&#8243; global_colors_info=&#8221;{}&#8221;][et_pb_column type=&#8221;1_3&#8243; _builder_version=&#8221;4.16&#8243; global_colors_info=&#8221;{}&#8221;][et_pb_image src=&#8221;https:\/\/visitarcticnorth.fi\/wp-content\/uploads\/2024\/03\/Talviaktiviteetit.webp&#8221; title_text=&#8221;Talviaktiviteetit&#8221; url=&#8221;https:\/\/visitarcticnorth.fi\/fi\/talviaktiviteetit\/&#8221; align=&#8221;center&#8221; admin_label=&#8221;Talviaktiviteetit&#8221; _builder_version=&#8221;4.24.2&#8243; width=&#8221;100%&#8221; module_alignment=&#8221;center&#8221; custom_margin=&#8221;0px|0px|0px|0px|false|false&#8221; custom_padding=&#8221;0px|0px|0px|0px|false|false&#8221; border_style_all=&#8221;none&#8221; global_colors_info=&#8221;{}&#8221;][\/et_pb_image][et_pb_button button_url=&#8221;https:\/\/visitarcticnorth.fi\/fi\/talviaktiviteetit\/&#8221; button_text=&#8221;Talviaktiviteetit&#8221; button_alignment=&#8221;center&#8221; _builder_version=&#8221;4.16&#8243; global_colors_info=&#8221;{}&#8221;][\/et_pb_button][\/et_pb_column][et_pb_column type=&#8221;1_3&#8243; _builder_version=&#8221;4.16&#8243; global_colors_info=&#8221;{}&#8221;][et_pb_image src=&#8221;https:\/\/visitarcticnorth.fi\/wp-content\/uploads\/2024\/03\/Kesa-Syysaktiviteetit.webp&#8221; alt=&#8221;Kaksi retkeilij\u00e4\u00e4 taukoilemassa tunturimaisemissa&#8221; title_text=&#8221;Kes\u00e4-Syysaktiviteetit&#8221; url=&#8221;https:\/\/visitarcticnorth.fi\/fi\/kesa-syksy-aktiviteetit\/&#8221; align=&#8221;center&#8221; admin_label=&#8221;Kes\u00e4-syysaktivieetit&#8221; _builder_version=&#8221;4.24.2&#8243; width=&#8221;100%&#8221; module_alignment=&#8221;center&#8221; custom_margin=&#8221;0px|0px|0px|0px|false|false&#8221; custom_padding=&#8221;0px|0px|0px|0px|false|false&#8221; border_style_all=&#8221;none&#8221; global_colors_info=&#8221;{}&#8221;][\/et_pb_image][et_pb_button button_url=&#8221;https:\/\/visitarcticnorth.fi\/fi\/kesa-syksy-aktiviteetit\/&#8221; button_text=&#8221;Kes\u00e4-syysaktiviteetit&#8221; button_alignment=&#8221;center&#8221; _builder_version=&#8221;4.23.4&#8243; global_colors_info=&#8221;{}&#8221;][\/et_pb_button][\/et_pb_column][et_pb_column type=&#8221;1_3&#8243; _builder_version=&#8221;4.16&#8243; global_colors_info=&#8221;{}&#8221;][et_pb_image src=&#8221;https:\/\/visitarcticnorth.fi\/wp-content\/uploads\/2024\/03\/Revontuliretket.webp&#8221; alt=&#8221;Keltatakkinen henkil\u00f6 katsomassa revontulia &#8221; title_text=&#8221;Revontuliretket&#8221; url=&#8221;https:\/\/visitarcticnorth.fi\/fi\/revontuliretket\/&#8221; align=&#8221;center&#8221; admin_label=&#8221;Revontuliretket&#8221; _builder_version=&#8221;4.24.2&#8243; width=&#8221;100%&#8221; module_alignment=&#8221;center&#8221; custom_margin=&#8221;0px|0px|0px|0px|false|false&#8221; custom_padding=&#8221;0px|0px|0px|0px|false|false&#8221; border_style_all=&#8221;none&#8221; global_colors_info=&#8221;{}&#8221;][\/et_pb_image][et_pb_button button_url=&#8221;https:\/\/visitarcticnorth.fi\/fi\/revontuliretket\/&#8221; button_text=&#8221;Revontuliretket&#8221; button_alignment=&#8221;center&#8221; _builder_version=&#8221;4.16&#8243; global_colors_info=&#8221;{}&#8221;][\/et_pb_button][\/et_pb_column][\/et_pb_row][et_pb_row column_structure=&#8221;1_3,1_3,1_3&#8243; _builder_version=&#8221;4.16&#8243; global_colors_info=&#8221;{}&#8221;][et_pb_column type=&#8221;1_3&#8243; _builder_version=&#8221;4.16&#8243; global_colors_info=&#8221;{}&#8221;][et_pb_image src=&#8221;https:\/\/visitarcticnorth.fi\/wp-content\/uploads\/2024\/03\/Arktiset-elaimet.webp&#8221; title_text=&#8221;Arktiset el\u00e4imet&#8221; url=&#8221;https:\/\/visitarcticnorth.fi\/fi\/arktiset-elaimet\/&#8221; align=&#8221;center&#8221; admin_label=&#8221;Arktiset el\u00e4imet&#8221; _builder_version=&#8221;4.24.2&#8243; width=&#8221;100%&#8221; module_alignment=&#8221;center&#8221; custom_margin=&#8221;0px|0px|0px|0px|false|false&#8221; custom_padding=&#8221;0px|0px|0px|0px|false|false&#8221; border_style_all=&#8221;none&#8221; global_colors_info=&#8221;{}&#8221;][\/et_pb_image][et_pb_button button_url=&#8221;https:\/\/visitarcticnorth.fi\/fi\/arktiset-elaimet\/&#8221; button_text=&#8221;Arktiset el\u00e4imet&#8221; button_alignment=&#8221;center&#8221; _builder_version=&#8221;4.16&#8243; global_colors_info=&#8221;{}&#8221;][\/et_pb_button][\/et_pb_column][et_pb_column type=&#8221;1_3&#8243; _builder_version=&#8221;4.16&#8243; global_colors_info=&#8221;{}&#8221;][et_pb_image src=&#8221;https:\/\/visitarcticnorth.fi\/wp-content\/uploads\/2024\/03\/Luontoseikkailut.webp&#8221; title_text=&#8221;Luontoseikkailut&#8221; url=&#8221;https:\/\/visitarcticnorth.fi\/fi\/luontoseikkailut\/&#8221; align=&#8221;center&#8221; admin_label=&#8221;Luontoseikkailut&#8221; _builder_version=&#8221;4.24.2&#8243; width=&#8221;100%&#8221; module_alignment=&#8221;center&#8221; custom_margin=&#8221;0px|0px|0px|0px|false|false&#8221; custom_padding=&#8221;0px|0px|0px|0px|false|false&#8221; border_style_all=&#8221;none&#8221; global_colors_info=&#8221;{}&#8221;][\/et_pb_image][et_pb_button button_url=&#8221;https:\/\/visitarcticnorth.fi\/fi\/luontoseikkailut\/&#8221; button_text=&#8221;Luontoseikkailut&#8221; button_alignment=&#8221;center&#8221; _builder_version=&#8221;4.16&#8243; global_colors_info=&#8221;{}&#8221;][\/et_pb_button][\/et_pb_column][et_pb_column type=&#8221;1_3&#8243; _builder_version=&#8221;4.16&#8243; global_colors_info=&#8221;{}&#8221;][et_pb_image src=&#8221;https:\/\/visitarcticnorth.fi\/wp-content\/uploads\/2024\/03\/Ametistikaivos.webp&#8221; title_text=&#8221;Ametistikaivos&#8221; url=&#8221;https:\/\/visitarcticnorth.fi\/fi\/ametistikaivos\/&#8221; align=&#8221;center&#8221; admin_label=&#8221;Ametistikaivos&#8221; _builder_version=&#8221;4.24.2&#8243; width=&#8221;100%&#8221; module_alignment=&#8221;center&#8221; custom_margin=&#8221;0px|0px|0px|0px|false|false&#8221; custom_padding=&#8221;0px|0px|0px|0px|false|false&#8221; border_style_all=&#8221;none&#8221; global_colors_info=&#8221;{}&#8221;][\/et_pb_image][et_pb_button button_url=&#8221;https:\/\/visitarcticnorth.fi\/fi\/ametistikaivos\/&#8221; button_text=&#8221;Ametistikaivos&#8221; button_alignment=&#8221;center&#8221; _builder_version=&#8221;4.16&#8243; global_colors_info=&#8221;{}&#8221;][\/et_pb_button][\/et_pb_column][\/et_pb_row][et_pb_row column_structure=&#8221;1_3,1_3,1_3&#8243; _builder_version=&#8221;4.16&#8243; global_colors_info=&#8221;{}&#8221;][et_pb_column type=&#8221;1_3&#8243; _builder_version=&#8221;4.16&#8243; global_colors_info=&#8221;{}&#8221;][et_pb_image src=&#8221;https:\/\/visitarcticnorth.fi\/wp-content\/uploads\/2024\/03\/Moottoriurheilu.webp&#8221; title_text=&#8221;Moottoriurheilu&#8221; url=&#8221;https:\/\/visitarcticnorth.fi\/fi\/moottoriurheilu\/&#8221; align=&#8221;center&#8221; admin_label=&#8221;Moottoriurheilu&#8221; _builder_version=&#8221;4.24.2&#8243; width=&#8221;100%&#8221; module_alignment=&#8221;center&#8221; custom_margin=&#8221;0px|0px|0px|0px|false|false&#8221; custom_padding=&#8221;0px|0px|0px|0px|false|false&#8221; border_style_all=&#8221;none&#8221; global_colors_info=&#8221;{}&#8221;][\/et_pb_image][et_pb_button button_url=&#8221;https:\/\/visitarcticnorth.fi\/fi\/moottoriurheilu\/&#8221; button_text=&#8221;Moottoriurheilu&#8221; button_alignment=&#8221;center&#8221; _builder_version=&#8221;4.16&#8243; global_colors_info=&#8221;{}&#8221;][\/et_pb_button][\/et_pb_column][et_pb_column type=&#8221;1_3&#8243; _builder_version=&#8221;4.16&#8243; global_colors_info=&#8221;{}&#8221;][et_pb_image src=&#8221;https:\/\/visitarcticnorth.fi\/wp-content\/uploads\/2024\/03\/illallinen-ja-ruokakulttuuri.webp&#8221; title_text=&#8221;illallinen ja ruokakulttuuri&#8221; url=&#8221;https:\/\/visitarcticnorth.fi\/fi\/illallinen-ja-ruokakulttuuri\/&#8221; align=&#8221;center&#8221; admin_label=&#8221;Illallinen ja ruokakulttuuri&#8221; _builder_version=&#8221;4.24.2&#8243; width=&#8221;100%&#8221; module_alignment=&#8221;center&#8221; custom_margin=&#8221;0px|0px|0px|0px|false|false&#8221; custom_padding=&#8221;0px|0px|0px|0px|false|false&#8221; border_style_all=&#8221;none&#8221; global_colors_info=&#8221;{}&#8221;][\/et_pb_image][et_pb_button button_url=&#8221;https:\/\/visitarcticnorth.fi\/fi\/illallinen-ja-ruokakulttuuri\/&#8221; button_text=&#8221;Illallinen ja ruokakulttuuri&#8221; button_alignment=&#8221;center&#8221; _builder_version=&#8221;4.16&#8243; global_colors_info=&#8221;{}&#8221;][\/et_pb_button][\/et_pb_column][et_pb_column type=&#8221;1_3&#8243; _builder_version=&#8221;4.16&#8243; global_colors_info=&#8221;{}&#8221;][\/et_pb_column][\/et_pb_row][et_pb_row _builder_version=&#8221;4.16&#8243; global_colors_info=&#8221;{}&#8221;][et_pb_column type=&#8221;4_4&#8243; _builder_version=&#8221;4.16&#8243; global_colors_info=&#8221;{}&#8221;][et_pb_divider show_divider=&#8221;off&#8221; _builder_version=&#8221;4.16&#8243; global_colors_info=&#8221;{}&#8221;][\/et_pb_divider][et_pb_text disabled_on=&#8221;off|off|off&#8221; admin_label=&#8221;Teksti Pyh\u00e4-Luoston alueesta&#8221; _builder_version=&#8221;4.24.2&#8243; hover_enabled=&#8221;0&#8243; global_colors_info=&#8221;{}&#8221; sticky_enabled=&#8221;0&#8243;]<\/p>\n<h2 style=\"text-align: center;\">Pyh\u00e4-Luosto tarjoaa matkailijoille lumoavia luontoel\u00e4myksi\u00e4 ja monipuolisia aktiviteetteja ymp\u00e4ri vuoden<\/h2>\n<h6 style=\"text-align: center;\">Talvisin alue kutsuu mm. laskettelun, hiihdon ja lumikenk\u00e4ilyn pariin, kun taas kes\u00e4isin ja syksyisin patikointi, maastopy\u00f6r\u00e4ily, melonta ja kalastus houkuttelevat luonnonyst\u00e4vi\u00e4. Lis\u00e4ksi alueella voi tutustua saamelaiseen kulttuuriin ja perinteisiin sek\u00e4 nauttia makuel\u00e4myksist\u00e4. Pyh\u00e4-Luosto on kokonaisvaltainen matkailukohde, joka lumoaa vierailijansa upealla luonnolla, monipuolisilla aktiviteeteillaan ja paikallisella kulttuurillaan.<\/h6>\n<p>[\/et_pb_text][et_pb_text disabled_on=&#8221;on|on|on&#8221; admin_label=&#8221;Viikko-ohjelma teksti&#8221; _builder_version=&#8221;4.24.2&#8243; link_option_url=&#8221;https:\/\/visitarcticnorth.fi\/fi\/viikko-ohjelma\/&#8221; disabled=&#8221;on&#8221; global_colors_info=&#8221;{}&#8221;]<\/p>\n<h2 style=\"text-align: center;\">Katso viikko-ohjelma t\u00e4\u00e4lt\u00e4!<\/h2>\n<h3 style=\"text-align: center;\">Suoraan kauppaan ja kalenterin\u00e4kym\u00e4\u00e4n p\u00e4\u00e4set painikkeesta alta.<\/h3>\n<p>[\/et_pb_text][et_pb_button button_url=&#8221;https:\/\/shop.visitarcticnorth.fi\/default.aspx&#8221; button_text=&#8221;Visit Arctic North verkkokauppa&#8221; button_alignment=&#8221;center&#8221; disabled_on=&#8221;on|on|on&#8221; admin_label=&#8221;Linkki verkkokauppaan&#8221; _builder_version=&#8221;4.24.2&#8243; disabled=&#8221;on&#8221; global_colors_info=&#8221;{}&#8221;][\/et_pb_button][\/et_pb_column][\/et_pb_row][\/et_pb_section]<\/p>\n","protected":false},"excerpt":{"rendered":"<p>L\u00f6yd\u00e4t ja ostat Pyh\u00e4-Luoston alueen parhaat aktiviteetit helposti Visit Arctic Northin verkkokaupasta. Suunnittele lomasi ja varaa aktivitteettisi.Pyh\u00e4-Luosto tarjoaa matkailijoille lumoavia luontoel\u00e4myksi\u00e4 ja monipuolisia aktiviteetteja ymp\u00e4ri vuoden Talvisin alue kutsuu mm. laskettelun, hiihdon ja lumikenk\u00e4ilyn pariin, kun taas kes\u00e4isin ja syksyisin patikointi, maastopy\u00f6r\u00e4ily, melonta ja kalastus houkuttelevat luonnonyst\u00e4vi\u00e4. Lis\u00e4ksi alueella voi tutustua saamelaiseen kulttuuriin ja perinteisiin [&hellip;]<\/p>\n","protected":false},"author":2,"featured_media":0,"parent":0,"menu_order":0,"comment_status":"closed","ping_status":"closed","template":"","meta":{"_et_pb_use_builder":"on","_et_pb_old_content":"","_et_gb_content_width":"","footnotes":""},"class_list":["post-2365","page","type-page","status-publish","hentry"],"yoast_head":"<!-- This site is optimized with the Yoast SEO plugin v27.6 - https:\/\/yoast.com\/product\/yoast-seo-wordpress\/ -->\n<title>Pyh\u00e4-Luoston aktiviteetit<\/title>\n<meta name=\"description\" content=\"L\u00f6yd\u00e4t ja ostat Pyh\u00e4-Luoston parhaat aktiviteetit Visit Arctic Northin verkkokaupasta. Suunnittele lomasi ja varaa aktiviteettisi.\" \/>\n<meta name=\"robots\" content=\"index, follow, max-snippet:-1, max-image-preview:large, max-video-preview:-1\" \/>\n<link rel=\"canonical\" href=\"https:\/\/visitarcticnorth.fi\/fi\/pyha-luosto-aktiviteetit\/\" \/>\n<meta property=\"og:locale\" content=\"fi_FI\" \/>\n<meta property=\"og:type\" content=\"article\" \/>\n<meta property=\"og:title\" content=\"Pyh\u00e4-Luoston aktiviteetit\" \/>\n<meta property=\"og:description\" content=\"L\u00f6yd\u00e4t ja ostat Pyh\u00e4-Luoston parhaat aktiviteetit Visit Arctic Northin verkkokaupasta. Suunnittele lomasi ja varaa aktiviteettisi.\" \/>\n<meta property=\"og:url\" content=\"https:\/\/visitarcticnorth.fi\/fi\/pyha-luosto-aktiviteetit\/\" \/>\n<meta property=\"og:site_name\" content=\"Visit Arctic North\" \/>\n<meta property=\"article:publisher\" content=\"https:\/\/www.facebook.com\/visitarcticnorth\/\" \/>\n<meta property=\"article:modified_time\" content=\"2024-03-19T09:04:25+00:00\" \/>\n<meta property=\"og:image\" content=\"https:\/\/i0.wp.com\/visitarcticnorth.fi\/wp-content\/uploads\/2023\/12\/Visit-Arctic-North-Logotalvimaisema.png?fit=1200%2C675&ssl=1\" \/>\n\t<meta property=\"og:image:width\" content=\"1200\" \/>\n\t<meta property=\"og:image:height\" content=\"675\" \/>\n\t<meta property=\"og:image:type\" content=\"image\/png\" \/>\n<meta name=\"twitter:card\" content=\"summary_large_image\" \/>\n<meta name=\"twitter:label1\" content=\"Arvioitu lukuaika\" \/>\n\t<meta name=\"twitter:data1\" content=\"2 minuuttia\" \/>\n<script type=\"application\/ld+json\" class=\"yoast-schema-graph\">{\"@context\":\"https:\\\/\\\/schema.org\",\"@graph\":[{\"@type\":\"WebPage\",\"@id\":\"https:\\\/\\\/visitarcticnorth.fi\\\/fi\\\/pyha-luosto-aktiviteetit\\\/\",\"url\":\"https:\\\/\\\/visitarcticnorth.fi\\\/fi\\\/pyha-luosto-aktiviteetit\\\/\",\"name\":\"Pyh\u00e4-Luoston aktiviteetit\",\"isPartOf\":{\"@id\":\"https:\\\/\\\/visitarcticnorth.fi\\\/fi\\\/#website\"},\"datePublished\":\"2019-12-10T21:03:01+00:00\",\"dateModified\":\"2024-03-19T09:04:25+00:00\",\"description\":\"L\u00f6yd\u00e4t ja ostat Pyh\u00e4-Luoston parhaat aktiviteetit Visit Arctic Northin verkkokaupasta. Suunnittele lomasi ja varaa aktiviteettisi.\",\"breadcrumb\":{\"@id\":\"https:\\\/\\\/visitarcticnorth.fi\\\/fi\\\/pyha-luosto-aktiviteetit\\\/#breadcrumb\"},\"inLanguage\":\"fi\",\"potentialAction\":[{\"@type\":\"ReadAction\",\"target\":[\"https:\\\/\\\/visitarcticnorth.fi\\\/fi\\\/pyha-luosto-aktiviteetit\\\/\"]}]},{\"@type\":\"BreadcrumbList\",\"@id\":\"https:\\\/\\\/visitarcticnorth.fi\\\/fi\\\/pyha-luosto-aktiviteetit\\\/#breadcrumb\",\"itemListElement\":[{\"@type\":\"ListItem\",\"position\":1,\"name\":\"Home\",\"item\":\"https:\\\/\\\/visitarcticnorth.fi\\\/fi\\\/\"},{\"@type\":\"ListItem\",\"position\":2,\"name\":\"Aktiviteetit\"}]},{\"@type\":\"WebSite\",\"@id\":\"https:\\\/\\\/visitarcticnorth.fi\\\/fi\\\/#website\",\"url\":\"https:\\\/\\\/visitarcticnorth.fi\\\/fi\\\/\",\"name\":\"Visit Arctic North\",\"description\":\"Best of Pyh\u00e4-Luosto\",\"publisher\":{\"@id\":\"https:\\\/\\\/visitarcticnorth.fi\\\/fi\\\/#organization\"},\"alternateName\":\"Arctic North\",\"potentialAction\":[{\"@type\":\"SearchAction\",\"target\":{\"@type\":\"EntryPoint\",\"urlTemplate\":\"https:\\\/\\\/visitarcticnorth.fi\\\/fi\\\/?s={search_term_string}\"},\"query-input\":{\"@type\":\"PropertyValueSpecification\",\"valueRequired\":true,\"valueName\":\"search_term_string\"}}],\"inLanguage\":\"fi\"},{\"@type\":\"Organization\",\"@id\":\"https:\\\/\\\/visitarcticnorth.fi\\\/fi\\\/#organization\",\"name\":\"Visit Arctic North\",\"alternateName\":\"Arctic North\",\"url\":\"https:\\\/\\\/visitarcticnorth.fi\\\/fi\\\/\",\"logo\":{\"@type\":\"ImageObject\",\"inLanguage\":\"fi\",\"@id\":\"https:\\\/\\\/visitarcticnorth.fi\\\/fi\\\/#\\\/schema\\\/logo\\\/image\\\/\",\"url\":\"https:\\\/\\\/i0.wp.com\\\/visitarcticnorth.fi\\\/wp-content\\\/uploads\\\/2023\\\/12\\\/Nimeton-malli-1.png?fit=500%2C500&ssl=1\",\"contentUrl\":\"https:\\\/\\\/i0.wp.com\\\/visitarcticnorth.fi\\\/wp-content\\\/uploads\\\/2023\\\/12\\\/Nimeton-malli-1.png?fit=500%2C500&ssl=1\",\"width\":500,\"height\":500,\"caption\":\"Visit Arctic North\"},\"image\":{\"@id\":\"https:\\\/\\\/visitarcticnorth.fi\\\/fi\\\/#\\\/schema\\\/logo\\\/image\\\/\"},\"sameAs\":[\"https:\\\/\\\/www.facebook.com\\\/visitarcticnorth\\\/\",\"https:\\\/\\\/www.instagram.com\\\/visitarcticnorth\\\/\"]}]}<\/script>\n<!-- \/ Yoast SEO plugin. -->","yoast_head_json":{"title":"Pyh\u00e4-Luoston aktiviteetit","description":"L\u00f6yd\u00e4t ja ostat Pyh\u00e4-Luoston parhaat aktiviteetit Visit Arctic Northin verkkokaupasta. Suunnittele lomasi ja varaa aktiviteettisi.","robots":{"index":"index","follow":"follow","max-snippet":"max-snippet:-1","max-image-preview":"max-image-preview:large","max-video-preview":"max-video-preview:-1"},"canonical":"https:\/\/visitarcticnorth.fi\/fi\/pyha-luosto-aktiviteetit\/","og_locale":"fi_FI","og_type":"article","og_title":"Pyh\u00e4-Luoston aktiviteetit","og_description":"L\u00f6yd\u00e4t ja ostat Pyh\u00e4-Luoston parhaat aktiviteetit Visit Arctic Northin verkkokaupasta. Suunnittele lomasi ja varaa aktiviteettisi.","og_url":"https:\/\/visitarcticnorth.fi\/fi\/pyha-luosto-aktiviteetit\/","og_site_name":"Visit Arctic North","article_publisher":"https:\/\/www.facebook.com\/visitarcticnorth\/","article_modified_time":"2024-03-19T09:04:25+00:00","og_image":[{"width":1200,"height":675,"url":"https:\/\/i0.wp.com\/visitarcticnorth.fi\/wp-content\/uploads\/2023\/12\/Visit-Arctic-North-Logotalvimaisema.png?fit=1200%2C675&ssl=1","type":"image\/png"}],"twitter_card":"summary_large_image","twitter_misc":{"Arvioitu lukuaika":"2 minuuttia"},"schema":{"@context":"https:\/\/schema.org","@graph":[{"@type":"WebPage","@id":"https:\/\/visitarcticnorth.fi\/fi\/pyha-luosto-aktiviteetit\/","url":"https:\/\/visitarcticnorth.fi\/fi\/pyha-luosto-aktiviteetit\/","name":"Pyh\u00e4-Luoston aktiviteetit","isPartOf":{"@id":"https:\/\/visitarcticnorth.fi\/fi\/#website"},"datePublished":"2019-12-10T21:03:01+00:00","dateModified":"2024-03-19T09:04:25+00:00","description":"L\u00f6yd\u00e4t ja ostat Pyh\u00e4-Luoston parhaat aktiviteetit Visit Arctic Northin verkkokaupasta. Suunnittele lomasi ja varaa aktiviteettisi.","breadcrumb":{"@id":"https:\/\/visitarcticnorth.fi\/fi\/pyha-luosto-aktiviteetit\/#breadcrumb"},"inLanguage":"fi","potentialAction":[{"@type":"ReadAction","target":["https:\/\/visitarcticnorth.fi\/fi\/pyha-luosto-aktiviteetit\/"]}]},{"@type":"BreadcrumbList","@id":"https:\/\/visitarcticnorth.fi\/fi\/pyha-luosto-aktiviteetit\/#breadcrumb","itemListElement":[{"@type":"ListItem","position":1,"name":"Home","item":"https:\/\/visitarcticnorth.fi\/fi\/"},{"@type":"ListItem","position":2,"name":"Aktiviteetit"}]},{"@type":"WebSite","@id":"https:\/\/visitarcticnorth.fi\/fi\/#website","url":"https:\/\/visitarcticnorth.fi\/fi\/","name":"Visit Arctic North","description":"Best of Pyh\u00e4-Luosto","publisher":{"@id":"https:\/\/visitarcticnorth.fi\/fi\/#organization"},"alternateName":"Arctic North","potentialAction":[{"@type":"SearchAction","target":{"@type":"EntryPoint","urlTemplate":"https:\/\/visitarcticnorth.fi\/fi\/?s={search_term_string}"},"query-input":{"@type":"PropertyValueSpecification","valueRequired":true,"valueName":"search_term_string"}}],"inLanguage":"fi"},{"@type":"Organization","@id":"https:\/\/visitarcticnorth.fi\/fi\/#organization","name":"Visit Arctic North","alternateName":"Arctic North","url":"https:\/\/visitarcticnorth.fi\/fi\/","logo":{"@type":"ImageObject","inLanguage":"fi","@id":"https:\/\/visitarcticnorth.fi\/fi\/#\/schema\/logo\/image\/","url":"https:\/\/i0.wp.com\/visitarcticnorth.fi\/wp-content\/uploads\/2023\/12\/Nimeton-malli-1.png?fit=500%2C500&ssl=1","contentUrl":"https:\/\/i0.wp.com\/visitarcticnorth.fi\/wp-content\/uploads\/2023\/12\/Nimeton-malli-1.png?fit=500%2C500&ssl=1","width":500,"height":500,"caption":"Visit Arctic North"},"image":{"@id":"https:\/\/visitarcticnorth.fi\/fi\/#\/schema\/logo\/image\/"},"sameAs":["https:\/\/www.facebook.com\/visitarcticnorth\/","https:\/\/www.instagram.com\/visitarcticnorth\/"]}]}},"jetpack_sharing_enabled":true,"_links":{"self":[{"href":"https:\/\/visitarcticnorth.fi\/fi\/wp-json\/wp\/v2\/pages\/2365","targetHints":{"allow":["GET"]}}],"collection":[{"href":"https:\/\/visitarcticnorth.fi\/fi\/wp-json\/wp\/v2\/pages"}],"about":[{"href":"https:\/\/visitarcticnorth.fi\/fi\/wp-json\/wp\/v2\/types\/page"}],"author":[{"embeddable":true,"href":"https:\/\/visitarcticnorth.fi\/fi\/wp-json\/wp\/v2\/users\/2"}],"replies":[{"embeddable":true,"href":"https:\/\/visitarcticnorth.fi\/fi\/wp-json\/wp\/v2\/comments?post=2365"}],"version-history":[{"count":148,"href":"https:\/\/visitarcticnorth.fi\/fi\/wp-json\/wp\/v2\/pages\/2365\/revisions"}],"predecessor-version":[{"id":5237,"href":"https:\/\/visitarcticnorth.fi\/fi\/wp-json\/wp\/v2\/pages\/2365\/revisions\/5237"}],"wp:attachment":[{"href":"https:\/\/visitarcticnorth.fi\/fi\/wp-json\/wp\/v2\/media?parent=2365"}],"curies":[{"name":"wp","href":"https:\/\/api.w.org\/{rel}","templated":true}]}}