{"id":3054,"date":"2020-01-11T22:16:54","date_gmt":"2020-01-11T20:16:54","guid":{"rendered":"https:\/\/visitarcticnorth.fi\/?page_id=3054"},"modified":"2026-01-26T10:52:58","modified_gmt":"2026-01-26T08:52:58","slug":"ukk","status":"publish","type":"page","link":"https:\/\/visitarcticnorth.fi\/fi\/ukk\/","title":{"rendered":"UKK"},"content":{"rendered":"<p>[et_pb_section fb_built=&#8221;1&#8243; admin_label=&#8221;Coffee Menu&#8221; _builder_version=&#8221;4.16&#8243; background_color=&#8221;#ffffff&#8221; custom_padding=&#8221;100px||100px|&#8221; global_colors_info=&#8221;{}&#8221;][et_pb_row admin_label=&#8221;CTA Button&#8221; _builder_version=&#8221;4.16&#8243; custom_margin=&#8221;|||&#8221; custom_padding=&#8221;|||&#8221; global_colors_info=&#8221;{}&#8221;][et_pb_column type=&#8221;4_4&#8243; _builder_version=&#8221;4.16&#8243; custom_padding=&#8221;|||&#8221; global_colors_info=&#8221;{}&#8221; custom_padding__hover=&#8221;|||&#8221;][et_pb_text _builder_version=&#8221;4.16&#8243; global_colors_info=&#8221;{}&#8221;]<\/p>\n<h2>Usein kysytyt kysymykset<\/h2>\n<p>[\/et_pb_text][et_pb_toggle title=&#8221;1. Minulla on kuljetusvaraus, kuinka saan yhteyden?&#8221; admin_label=&#8221;Miten voin ottaa yhteytt\u00e4?&#8221; _builder_version=&#8221;4.27.5&#8243; global_colors_info=&#8221;{}&#8221;]<\/p>\n<p>Mik\u00e4li varaat kuljetuksen aktiviteettisi yhteydess\u00e4, otathan meihin yhteytt\u00e4: <strong>sales@visitarcticnorth.fi\u00a0<\/strong> ja kerro viestiss\u00e4si aktiviteettip\u00e4iv\u00e4, kellonaika, tarkka noutopaikka sek\u00e4 henkil\u00f6m\u00e4\u00e4r\u00e4.\u00a0<\/p>\n<p>Autamme mielell\u00e4mme my\u00f6s muissa tiedusteluissa, otathan yhteyden yll\u00e4 olevaan s\u00e4hk\u00f6postiosoitteeseen. Kiitos!<\/p>\n<p>[\/et_pb_toggle][et_pb_toggle title=&#8221;2. Kuinka nopeasti yhteydenottooni vastataan?&#8221; admin_label=&#8221;Kuinka nopeasti yhteydenottooni vastataan?&#8221; _builder_version=&#8221;4.27.5&#8243; global_colors_info=&#8221;{}&#8221;]<\/p>\n<p>Olemme tavoitettavissa arkip\u00e4ivisin maanantaista perjantaihin kello 9-16 v\u00e4lisen\u00e4 aikana s\u00e4hk\u00f6postiosoitteessa sales@visitarcticnorth.fi. Vastaamme viesteihin j\u00e4rjestyksess\u00e4 ja mahdollisimman pian.<\/p>\n<p>[\/et_pb_toggle][et_pb_toggle title=&#8221;3. Voinko ostaa ohjelmia muille kuin verkkokaupassa esitetyille ajankohdille?&#8221; admin_label=&#8221;Voinko ostaa ohjelmia muille kuin verkkokaupassa esitetyille ajankohdille?&#8221; _builder_version=&#8221;4.16&#8243; global_colors_info=&#8221;{}&#8221;]<\/p>\n<p>Ohjelmia on mahdollista ostaa my\u00f6s muille, kuin verkkokaupassa esitetyille ajankohdille. Teemme toiveiden mukaan r\u00e4\u00e4t\u00e4l\u00f6ityj\u00e4 ohjelmia ja ohjelmakokonaisuuksia asiakkaille ja ryhmille. Jos olet kiinnostunut ostamaan ohjelmia r\u00e4\u00e4t\u00e4l\u00f6idysti, ole meihin yhteydess\u00e4 hyviss\u00e4 ajoin ennen ohjelman ajankohtaa.<\/p>\n<p>Kysymykset ja yhteydenotot s\u00e4hk\u00f6postitse osoitteeseen <strong>sales@visitarcticnorth.fi<\/strong>.<\/p>\n<p>[\/et_pb_toggle][et_pb_toggle title=&#8221;4. Voinko peruuttaa verkkokaupassa tekem\u00e4ni ostoksen?&#8221; admin_label=&#8221;Voinko peruuttaa verkkokaupassa tekem\u00e4ni ostoksen?&#8221; _builder_version=&#8221;4.27.5&#8243; hover_enabled=&#8221;0&#8243; global_colors_info=&#8221;{}&#8221; sticky_enabled=&#8221;0&#8243;]<\/p>\n<p>Kaikki muutokset ja peruutukset ostettuihin ohjelmiin on teht\u00e4v\u00e4 s\u00e4hk\u00f6postitse osoitteeseen sales@visitarcticnorth.fi. Maksettua summaa ei l\u00e4ht\u00f6kohtaisesti palauteta takaisin asiakkaalle. Veloitus voidaan palauttaa osittaisena takaisin asiakkaalle, jos h\u00e4n l\u00e4hett\u00e4\u00e4 peruutusviestin kaupanteon hetkell\u00e4 hyv\u00e4ksymiens\u00e4 ehtojen puitteissa.<\/p>\n<p>Tarkemmat ehdot l\u00f6yd\u00e4t <a href=\"https:\/\/visitarcticnorth.fi\/terms\/\">t\u00e4\u00e4lt\u00e4<\/a>.<\/p>\n<p>[\/et_pb_toggle][\/et_pb_column][\/et_pb_row][\/et_pb_section]<\/p>\n","protected":false},"excerpt":{"rendered":"<p>Usein kysytyt kysymyksetMik\u00e4li varaat kuljetuksen aktiviteettisi yhteydess\u00e4, otathan meihin yhteytt\u00e4: sales@visitarcticnorth.fi\u00a0 ja kerro viestiss\u00e4si aktiviteettip\u00e4iv\u00e4, kellonaika, tarkka noutopaikka sek\u00e4 henkil\u00f6m\u00e4\u00e4r\u00e4.\u00a0 Autamme mielell\u00e4mme my\u00f6s muissa tiedusteluissa, otathan yhteyden yll\u00e4 olevaan s\u00e4hk\u00f6postiosoitteeseen. Kiitos!Olemme tavoitettavissa arkip\u00e4ivisin maanantaista perjantaihin kello 9-16 v\u00e4lisen\u00e4 aikana s\u00e4hk\u00f6postiosoitteessa sales@visitarcticnorth.fi. Vastaamme viesteihin j\u00e4rjestyksess\u00e4 ja mahdollisimman pian.Ohjelmia on mahdollista ostaa my\u00f6s muille, kuin verkkokaupassa esitetyille [&hellip;]<\/p>\n","protected":false},"author":2,"featured_media":0,"parent":0,"menu_order":0,"comment_status":"closed","ping_status":"closed","template":"","meta":{"_et_pb_use_builder":"on","_et_pb_old_content":"","_et_gb_content_width":"","footnotes":""},"class_list":["post-3054","page","type-page","status-publish","hentry"],"yoast_head":"<!-- This site is optimized with the Yoast SEO plugin v27.3 - https:\/\/yoast.com\/product\/yoast-seo-wordpress\/ -->\n<title>UKK - Visit Arctic North<\/title>\n<meta name=\"robots\" content=\"index, follow, max-snippet:-1, max-image-preview:large, max-video-preview:-1\" \/>\n<link rel=\"canonical\" href=\"https:\/\/visitarcticnorth.fi\/fi\/ukk\/\" \/>\n<meta property=\"og:locale\" content=\"fi_FI\" \/>\n<meta property=\"og:type\" content=\"article\" \/>\n<meta property=\"og:title\" content=\"UKK - Visit Arctic North\" \/>\n<meta property=\"og:description\" content=\"Usein kysytyt kysymyksetMik\u00e4li varaat kuljetuksen aktiviteettisi yhteydess\u00e4, otathan meihin yhteytt\u00e4: sales@visitarcticnorth.fi\u00a0 ja kerro viestiss\u00e4si aktiviteettip\u00e4iv\u00e4, kellonaika, tarkka noutopaikka sek\u00e4 henkil\u00f6m\u00e4\u00e4r\u00e4.\u00a0 Autamme mielell\u00e4mme my\u00f6s muissa tiedusteluissa, otathan yhteyden yll\u00e4 olevaan s\u00e4hk\u00f6postiosoitteeseen. Kiitos!Olemme tavoitettavissa arkip\u00e4ivisin maanantaista perjantaihin kello 9-16 v\u00e4lisen\u00e4 aikana s\u00e4hk\u00f6postiosoitteessa sales@visitarcticnorth.fi. Vastaamme viesteihin j\u00e4rjestyksess\u00e4 ja mahdollisimman pian.Ohjelmia on mahdollista ostaa my\u00f6s muille, kuin verkkokaupassa esitetyille [&hellip;]\" \/>\n<meta property=\"og:url\" content=\"https:\/\/visitarcticnorth.fi\/fi\/ukk\/\" \/>\n<meta property=\"og:site_name\" content=\"Visit Arctic North\" \/>\n<meta property=\"article:publisher\" content=\"https:\/\/www.facebook.com\/visitarcticnorth\/\" \/>\n<meta property=\"article:modified_time\" content=\"2026-01-26T08:52:58+00:00\" \/>\n<meta property=\"og:image\" content=\"https:\/\/i0.wp.com\/visitarcticnorth.fi\/wp-content\/uploads\/2023\/12\/Visit-Arctic-North-Logotalvimaisema.png?fit=1200%2C675&ssl=1\" \/>\n\t<meta property=\"og:image:width\" content=\"1200\" \/>\n\t<meta property=\"og:image:height\" content=\"675\" \/>\n\t<meta property=\"og:image:type\" content=\"image\/png\" \/>\n<meta name=\"twitter:card\" content=\"summary_large_image\" \/>\n<meta name=\"twitter:label1\" content=\"Arvioitu lukuaika\" \/>\n\t<meta name=\"twitter:data1\" content=\"2 minuuttia\" \/>\n<script type=\"application\/ld+json\" class=\"yoast-schema-graph\">{\"@context\":\"https:\\\/\\\/schema.org\",\"@graph\":[{\"@type\":\"WebPage\",\"@id\":\"https:\\\/\\\/visitarcticnorth.fi\\\/fi\\\/ukk\\\/\",\"url\":\"https:\\\/\\\/visitarcticnorth.fi\\\/fi\\\/ukk\\\/\",\"name\":\"UKK - Visit Arctic North\",\"isPartOf\":{\"@id\":\"https:\\\/\\\/visitarcticnorth.fi\\\/fi\\\/#website\"},\"datePublished\":\"2020-01-11T20:16:54+00:00\",\"dateModified\":\"2026-01-26T08:52:58+00:00\",\"breadcrumb\":{\"@id\":\"https:\\\/\\\/visitarcticnorth.fi\\\/fi\\\/ukk\\\/#breadcrumb\"},\"inLanguage\":\"fi\",\"potentialAction\":[{\"@type\":\"ReadAction\",\"target\":[\"https:\\\/\\\/visitarcticnorth.fi\\\/fi\\\/ukk\\\/\"]}]},{\"@type\":\"BreadcrumbList\",\"@id\":\"https:\\\/\\\/visitarcticnorth.fi\\\/fi\\\/ukk\\\/#breadcrumb\",\"itemListElement\":[{\"@type\":\"ListItem\",\"position\":1,\"name\":\"Home\",\"item\":\"https:\\\/\\\/visitarcticnorth.fi\\\/fi\\\/\"},{\"@type\":\"ListItem\",\"position\":2,\"name\":\"UKK\"}]},{\"@type\":\"WebSite\",\"@id\":\"https:\\\/\\\/visitarcticnorth.fi\\\/fi\\\/#website\",\"url\":\"https:\\\/\\\/visitarcticnorth.fi\\\/fi\\\/\",\"name\":\"Visit Arctic North\",\"description\":\"Best of Pyh\u00e4-Luosto\",\"publisher\":{\"@id\":\"https:\\\/\\\/visitarcticnorth.fi\\\/fi\\\/#organization\"},\"alternateName\":\"Arctic North\",\"potentialAction\":[{\"@type\":\"SearchAction\",\"target\":{\"@type\":\"EntryPoint\",\"urlTemplate\":\"https:\\\/\\\/visitarcticnorth.fi\\\/fi\\\/?s={search_term_string}\"},\"query-input\":{\"@type\":\"PropertyValueSpecification\",\"valueRequired\":true,\"valueName\":\"search_term_string\"}}],\"inLanguage\":\"fi\"},{\"@type\":\"Organization\",\"@id\":\"https:\\\/\\\/visitarcticnorth.fi\\\/fi\\\/#organization\",\"name\":\"Visit Arctic North\",\"alternateName\":\"Arctic North\",\"url\":\"https:\\\/\\\/visitarcticnorth.fi\\\/fi\\\/\",\"logo\":{\"@type\":\"ImageObject\",\"inLanguage\":\"fi\",\"@id\":\"https:\\\/\\\/visitarcticnorth.fi\\\/fi\\\/#\\\/schema\\\/logo\\\/image\\\/\",\"url\":\"https:\\\/\\\/i0.wp.com\\\/visitarcticnorth.fi\\\/wp-content\\\/uploads\\\/2023\\\/12\\\/Nimeton-malli-1.png?fit=500%2C500&ssl=1\",\"contentUrl\":\"https:\\\/\\\/i0.wp.com\\\/visitarcticnorth.fi\\\/wp-content\\\/uploads\\\/2023\\\/12\\\/Nimeton-malli-1.png?fit=500%2C500&ssl=1\",\"width\":500,\"height\":500,\"caption\":\"Visit Arctic North\"},\"image\":{\"@id\":\"https:\\\/\\\/visitarcticnorth.fi\\\/fi\\\/#\\\/schema\\\/logo\\\/image\\\/\"},\"sameAs\":[\"https:\\\/\\\/www.facebook.com\\\/visitarcticnorth\\\/\",\"https:\\\/\\\/www.instagram.com\\\/visitarcticnorth\\\/\"]}]}<\/script>\n<!-- \/ Yoast SEO plugin. -->","yoast_head_json":{"title":"UKK - Visit Arctic North","robots":{"index":"index","follow":"follow","max-snippet":"max-snippet:-1","max-image-preview":"max-image-preview:large","max-video-preview":"max-video-preview:-1"},"canonical":"https:\/\/visitarcticnorth.fi\/fi\/ukk\/","og_locale":"fi_FI","og_type":"article","og_title":"UKK - Visit Arctic North","og_description":"Usein kysytyt kysymyksetMik\u00e4li varaat kuljetuksen aktiviteettisi yhteydess\u00e4, otathan meihin yhteytt\u00e4: sales@visitarcticnorth.fi\u00a0 ja kerro viestiss\u00e4si aktiviteettip\u00e4iv\u00e4, kellonaika, tarkka noutopaikka sek\u00e4 henkil\u00f6m\u00e4\u00e4r\u00e4.\u00a0 Autamme mielell\u00e4mme my\u00f6s muissa tiedusteluissa, otathan yhteyden yll\u00e4 olevaan s\u00e4hk\u00f6postiosoitteeseen. Kiitos!Olemme tavoitettavissa arkip\u00e4ivisin maanantaista perjantaihin kello 9-16 v\u00e4lisen\u00e4 aikana s\u00e4hk\u00f6postiosoitteessa sales@visitarcticnorth.fi. Vastaamme viesteihin j\u00e4rjestyksess\u00e4 ja mahdollisimman pian.Ohjelmia on mahdollista ostaa my\u00f6s muille, kuin verkkokaupassa esitetyille [&hellip;]","og_url":"https:\/\/visitarcticnorth.fi\/fi\/ukk\/","og_site_name":"Visit Arctic North","article_publisher":"https:\/\/www.facebook.com\/visitarcticnorth\/","article_modified_time":"2026-01-26T08:52:58+00:00","og_image":[{"width":1200,"height":675,"url":"https:\/\/i0.wp.com\/visitarcticnorth.fi\/wp-content\/uploads\/2023\/12\/Visit-Arctic-North-Logotalvimaisema.png?fit=1200%2C675&ssl=1","type":"image\/png"}],"twitter_card":"summary_large_image","twitter_misc":{"Arvioitu lukuaika":"2 minuuttia"},"schema":{"@context":"https:\/\/schema.org","@graph":[{"@type":"WebPage","@id":"https:\/\/visitarcticnorth.fi\/fi\/ukk\/","url":"https:\/\/visitarcticnorth.fi\/fi\/ukk\/","name":"UKK - Visit Arctic North","isPartOf":{"@id":"https:\/\/visitarcticnorth.fi\/fi\/#website"},"datePublished":"2020-01-11T20:16:54+00:00","dateModified":"2026-01-26T08:52:58+00:00","breadcrumb":{"@id":"https:\/\/visitarcticnorth.fi\/fi\/ukk\/#breadcrumb"},"inLanguage":"fi","potentialAction":[{"@type":"ReadAction","target":["https:\/\/visitarcticnorth.fi\/fi\/ukk\/"]}]},{"@type":"BreadcrumbList","@id":"https:\/\/visitarcticnorth.fi\/fi\/ukk\/#breadcrumb","itemListElement":[{"@type":"ListItem","position":1,"name":"Home","item":"https:\/\/visitarcticnorth.fi\/fi\/"},{"@type":"ListItem","position":2,"name":"UKK"}]},{"@type":"WebSite","@id":"https:\/\/visitarcticnorth.fi\/fi\/#website","url":"https:\/\/visitarcticnorth.fi\/fi\/","name":"Visit Arctic North","description":"Best of Pyh\u00e4-Luosto","publisher":{"@id":"https:\/\/visitarcticnorth.fi\/fi\/#organization"},"alternateName":"Arctic North","potentialAction":[{"@type":"SearchAction","target":{"@type":"EntryPoint","urlTemplate":"https:\/\/visitarcticnorth.fi\/fi\/?s={search_term_string}"},"query-input":{"@type":"PropertyValueSpecification","valueRequired":true,"valueName":"search_term_string"}}],"inLanguage":"fi"},{"@type":"Organization","@id":"https:\/\/visitarcticnorth.fi\/fi\/#organization","name":"Visit Arctic North","alternateName":"Arctic North","url":"https:\/\/visitarcticnorth.fi\/fi\/","logo":{"@type":"ImageObject","inLanguage":"fi","@id":"https:\/\/visitarcticnorth.fi\/fi\/#\/schema\/logo\/image\/","url":"https:\/\/i0.wp.com\/visitarcticnorth.fi\/wp-content\/uploads\/2023\/12\/Nimeton-malli-1.png?fit=500%2C500&ssl=1","contentUrl":"https:\/\/i0.wp.com\/visitarcticnorth.fi\/wp-content\/uploads\/2023\/12\/Nimeton-malli-1.png?fit=500%2C500&ssl=1","width":500,"height":500,"caption":"Visit Arctic North"},"image":{"@id":"https:\/\/visitarcticnorth.fi\/fi\/#\/schema\/logo\/image\/"},"sameAs":["https:\/\/www.facebook.com\/visitarcticnorth\/","https:\/\/www.instagram.com\/visitarcticnorth\/"]}]}},"jetpack_sharing_enabled":true,"_links":{"self":[{"href":"https:\/\/visitarcticnorth.fi\/fi\/wp-json\/wp\/v2\/pages\/3054","targetHints":{"allow":["GET"]}}],"collection":[{"href":"https:\/\/visitarcticnorth.fi\/fi\/wp-json\/wp\/v2\/pages"}],"about":[{"href":"https:\/\/visitarcticnorth.fi\/fi\/wp-json\/wp\/v2\/types\/page"}],"author":[{"embeddable":true,"href":"https:\/\/visitarcticnorth.fi\/fi\/wp-json\/wp\/v2\/users\/2"}],"replies":[{"embeddable":true,"href":"https:\/\/visitarcticnorth.fi\/fi\/wp-json\/wp\/v2\/comments?post=3054"}],"version-history":[{"count":23,"href":"https:\/\/visitarcticnorth.fi\/fi\/wp-json\/wp\/v2\/pages\/3054\/revisions"}],"predecessor-version":[{"id":5963,"href":"https:\/\/visitarcticnorth.fi\/fi\/wp-json\/wp\/v2\/pages\/3054\/revisions\/5963"}],"wp:attachment":[{"href":"https:\/\/visitarcticnorth.fi\/fi\/wp-json\/wp\/v2\/media?parent=3054"}],"curies":[{"name":"wp","href":"https:\/\/api.w.org\/{rel}","templated":true}]}}