{"id":348,"date":"2018-09-20T09:27:00","date_gmt":"2018-09-20T09:27:00","guid":{"rendered":"https:\/\/visitarcticnorth.fi\/?page_id=348"},"modified":"2018-11-19T07:47:56","modified_gmt":"2018-11-19T07:47:56","slug":"matkan-jarjestajille","status":"publish","type":"page","link":"https:\/\/visitarcticnorth.fi\/fi\/matkan-jarjestajille\/","title":{"rendered":"Matkan j\u00e4rjest\u00e4jille"},"content":{"rendered":"<p>[et_pb_section bb_built=&#8221;1&#8243; admin_label=&#8221;Header Section&#8221; fullwidth=&#8221;on&#8221; _builder_version=&#8221;3.17.1&#8243; custom_padding=&#8221;|||&#8221; next_background_color=&#8221;#ffffff&#8221; background_image=&#8221;https:\/\/visitarcticnorth.fi\/wp-content\/uploads\/2018\/10\/ArcticNorth_brandikuva_2.jpg&#8221;][et_pb_fullwidth_header admin_label=&#8221;Contents&#8221; title=&#8221;Matkanj\u00e4rjest\u00e4jille&#8221; subhead=&#8221;Arctic North on syntynyt matkanj\u00e4rjest\u00e4jien tarpeesta l\u00f6yt\u00e4\u00e4 ja ostaa asiakkailleen sopivia aktiviteetteja Pyh\u00e4n alueella, helposti ja luotettavasti. &#8221; text_orientation=&#8221;center&#8221; background_overlay_color=&#8221;rgba(0,0,0,0.01)&#8221; content_max_width_last_edited=&#8221;off|desktop&#8221; _builder_version=&#8221;3.17.1&#8243; title_font=&#8221;|||on|&#8221; title_font_size_last_edited=&#8221;on|phone&#8221; subhead_font=&#8221;|600|||||||&#8221; parallax=&#8221;on&#8221; parallax_method=&#8221;on&#8221; button_one_bg_color=&#8221;#dca57d&#8221; button_one_font=&#8221;|||on|&#8221; button_one_text_size__hover_enabled=&#8221;off&#8221; button_one_text_size__hover=&#8221;null&#8221; button_two_text_size__hover_enabled=&#8221;off&#8221; button_two_text_size__hover=&#8221;null&#8221; button_one_text_color__hover_enabled=&#8221;off&#8221; button_one_text_color__hover=&#8221;null&#8221; button_two_text_color__hover_enabled=&#8221;off&#8221; button_two_text_color__hover=&#8221;null&#8221; button_one_border_width__hover_enabled=&#8221;off&#8221; button_one_border_width__hover=&#8221;null&#8221; button_two_border_width__hover_enabled=&#8221;off&#8221; button_two_border_width__hover=&#8221;null&#8221; button_one_border_color__hover_enabled=&#8221;on&#8221; button_one_border_color__hover=&#8221;#c99872&#8243; button_two_border_color__hover_enabled=&#8221;off&#8221; button_two_border_color__hover=&#8221;null&#8221; button_one_border_radius__hover_enabled=&#8221;off&#8221; button_one_border_radius__hover=&#8221;null&#8221; button_two_border_radius__hover_enabled=&#8221;off&#8221; button_two_border_radius__hover=&#8221;null&#8221; button_one_letter_spacing__hover_enabled=&#8221;off&#8221; button_one_letter_spacing__hover=&#8221;null&#8221; button_two_letter_spacing__hover_enabled=&#8221;off&#8221; button_two_letter_spacing__hover=&#8221;null&#8221; button_one_bg_color__hover_enabled=&#8221;on&#8221; button_one_bg_color__hover=&#8221;#c99872&#8243; button_two_bg_color__hover_enabled=&#8221;off&#8221; button_two_bg_color__hover=&#8221;null&#8221; background_color=&#8221;rgba(224,224,224,0)&#8221; \/][\/et_pb_section][et_pb_section bb_built=&#8221;1&#8243; admin_label=&#8221;Coffee Menu&#8221; _builder_version=&#8221;3.12.2&#8243; custom_padding=&#8221;100px||100px|&#8221; prev_background_color=&#8221;#000000&#8243; background_color=&#8221;#ffffff&#8221; next_background_color=&#8221;#000000&#8243;][et_pb_row admin_label=&#8221;Section Header&#8221; custom_padding=&#8221;40px|0px|40px|0px&#8221; _builder_version=&#8221;3.0.80&#8243; module_alignment=&#8221;center&#8221;][et_pb_column type=&#8221;4_4&#8243;][et_pb_text admin_label=&#8221;Tittle&#8221; _builder_version=&#8221;3.17.1&#8243; header_2_font=&#8221;|||on|||||&#8221; max_width_last_edited=&#8221;on|desktop&#8221; text_orientation=&#8221;center&#8221; max_width=&#8221;600px&#8221; module_alignment=&#8221;center&#8221;]<\/p>\n<h2>Matkanj\u00e4rjest\u00e4jille<\/h2>\n<h3>Arctic North on syntynyt matkanj\u00e4rjest\u00e4jien tarpeesta l\u00f6yt\u00e4\u00e4 ja ostaa asiakkailleen sopivia aktiviteetteja Pyh\u00e4n alueella, helposti ja luotettavasti.<\/h3>\n<p>[\/et_pb_text][et_pb_text _builder_version=&#8221;3.13.1&#8243;]<\/p>\n<p style=\"text-align: center;\">Toimimme Pyh\u00e4n alueen aktiviteettien kauppana ja matkanj\u00e4rjest\u00e4jille my\u00f6s incoming-toimistona eli Destination Management Companyna. Saat alueen kaikki palvelut yhdest\u00e4 paikasta. Sinun ei tarvitse tehd\u00e4 sopimuksia eri toimijoiden kanssa. T\u00e4m\u00e4 helpottaa palvelujen organisointia.<\/p>\n<p style=\"text-align: center;\">Teemme kaikkemme, ett\u00e4 omat asiakkaasi viihtyv\u00e4t Pyh\u00e4ll\u00e4 ja nauttivat lomastaan. Olemme asiakkaan tukena Pyh\u00e4ll\u00e4 my\u00f6s mahdollisissa ongelmatilanteissa, jos kaikki ei menek\u00e4\u00e4n suunnitelmien mukaan. J\u00e4rjest\u00e4mme my\u00f6s r\u00e4\u00e4t\u00e4l\u00f6ityj\u00e4 paketteja ryhmille. Palvelemme vapaa-ajan ryhmi\u00e4, MICE-ryhmi\u00e4 sek\u00e4 kannuste- ja liikematkaryhmi\u00e4. Jos haluat tarjouksen paketista, ota yhteytt\u00e4 sales@visitarcticnorth.fi<\/p>\n<p>[\/et_pb_text][\/et_pb_column][\/et_pb_row][et_pb_row admin_label=&#8221;CTA Button&#8221; custom_padding=&#8221;|||&#8221; custom_margin=&#8221;|||&#8221; _builder_version=&#8221;3.0.80&#8243;][et_pb_column type=&#8221;4_4&#8243;][et_pb_button _builder_version=&#8221;3.17.6&#8243; button_text=&#8221;Tutustu aktiviteetteihin!&#8221; button_alignment=&#8221;center&#8221; button_text_size__hover_enabled=&#8221;off&#8221; button_text_size__hover=&#8221;null&#8221; button_one_text_size__hover_enabled=&#8221;off&#8221; button_one_text_size__hover=&#8221;null&#8221; button_two_text_size__hover_enabled=&#8221;off&#8221; button_two_text_size__hover=&#8221;null&#8221; button_text_color__hover_enabled=&#8221;off&#8221; button_text_color__hover=&#8221;null&#8221; button_one_text_color__hover_enabled=&#8221;off&#8221; button_one_text_color__hover=&#8221;null&#8221; button_two_text_color__hover_enabled=&#8221;off&#8221; button_two_text_color__hover=&#8221;null&#8221; button_border_width__hover_enabled=&#8221;off&#8221; button_border_width__hover=&#8221;null&#8221; button_one_border_width__hover_enabled=&#8221;off&#8221; button_one_border_width__hover=&#8221;null&#8221; button_two_border_width__hover_enabled=&#8221;off&#8221; button_two_border_width__hover=&#8221;null&#8221; button_border_color__hover_enabled=&#8221;off&#8221; button_border_color__hover=&#8221;null&#8221; button_one_border_color__hover_enabled=&#8221;off&#8221; button_one_border_color__hover=&#8221;null&#8221; button_two_border_color__hover_enabled=&#8221;off&#8221; button_two_border_color__hover=&#8221;null&#8221; button_border_radius__hover_enabled=&#8221;off&#8221; button_border_radius__hover=&#8221;null&#8221; button_one_border_radius__hover_enabled=&#8221;off&#8221; button_one_border_radius__hover=&#8221;null&#8221; button_two_border_radius__hover_enabled=&#8221;off&#8221; button_two_border_radius__hover=&#8221;null&#8221; button_letter_spacing__hover_enabled=&#8221;off&#8221; button_letter_spacing__hover=&#8221;null&#8221; button_one_letter_spacing__hover_enabled=&#8221;off&#8221; button_one_letter_spacing__hover=&#8221;null&#8221; button_two_letter_spacing__hover_enabled=&#8221;off&#8221; button_two_letter_spacing__hover=&#8221;null&#8221; button_bg_color__hover_enabled=&#8221;off&#8221; button_bg_color__hover=&#8221;null&#8221; button_one_bg_color__hover_enabled=&#8221;off&#8221; button_one_bg_color__hover=&#8221;null&#8221; button_two_bg_color__hover_enabled=&#8221;off&#8221; button_two_bg_color__hover=&#8221;null&#8221; button_url=&#8221;\/aktiviteetit\/&#8221; \/][\/et_pb_column][\/et_pb_row][\/et_pb_section][et_pb_section bb_built=&#8221;1&#8243; admin_label=&#8221;Best Beans&#8221; _builder_version=&#8221;3.12.2&#8243; background_color_gradient_direction=&#8221;90deg&#8221; custom_padding=&#8221;0px|0px|0px|0px&#8221; prev_background_color=&#8221;#000000&#8243; next_background_color=&#8221;#e2d4c0&#8243;][et_pb_row admin_label=&#8221;Best Beans Row&#8221; make_fullwidth=&#8221;on&#8221; use_custom_gutter=&#8221;on&#8221; gutter_width=&#8221;1&#8243; custom_padding=&#8221;0px|0px|0px|0px&#8221; custom_margin=&#8221;|||&#8221; make_equal=&#8221;on&#8221; bg_img_2=&#8221;https:\/\/visitarcticnorth.fi\/wp-content\/uploads\/2018\/08\/ArcticNorth_picture_8.jpg&#8221; padding_top_1=&#8221;100px&#8221; padding_right_1=&#8221;10%&#8221; padding_bottom_1=&#8221;100px&#8221; padding_left_1=&#8221;10%&#8221; _builder_version=&#8221;3.16.1&#8243; background_color_1=&#8221;#000000&#8243;][et_pb_column type=&#8221;1_2&#8243;][et_pb_text admin_label=&#8221;Tittle&#8221; _builder_version=&#8221;3.17.1&#8243; text_font=&#8221;Nunito||||||||&#8221; text_font_size=&#8221;18px&#8221; text_line_height=&#8221;1.8em&#8221; header_text_align=&#8221;center&#8221; header_3_font=&#8221;Oswald|||on|||||&#8221; header_3_font_size=&#8221;42px&#8221; header_3_letter_spacing=&#8221;2px&#8221; header_3_line_height=&#8221;1.5em&#8221; max_width=&#8221;600px&#8221; max_width_last_edited=&#8221;on|phone&#8221; module_alignment=&#8221;left&#8221; custom_margin=&#8221;|||&#8221; locked=&#8221;off&#8221; background_layout=&#8221;dark&#8221;]<\/p>\n<h2>Autamme matkanj\u00e4rjest\u00e4ji\u00e4<\/h2>\n<p>[\/et_pb_text][et_pb_text _builder_version=&#8221;3.17.1&#8243; background_layout=&#8221;dark&#8221;]<\/p>\n<p>\n<strong>Autamme matkanj\u00e4rjest\u00e4ji\u00e4 kaikissa Pyh\u00e4n alueeseen liittyviss\u00e4 tarpeissa:<\/strong><\/p>\n<ul>\n<li>L\u00f6yd\u00e4t, vertailet ja ostat kaikki parhaat aktiviteetit helposti ja luotettavasti<\/li>\n<li>N\u00e4et heti saatavuuden, sinun ei tarvitse tiedustella l\u00e4ht\u00f6j\u00e4 erikseen<\/li>\n<li>Kuljetukset sis\u00e4ltyv\u00e4t ohjelmiin<\/li>\n<li>L\u00f6yd\u00e4t hyv\u00e4t ohjeet jolla asiakkaat valmistautuvat matkaan ja aktiviteetteihin<\/li>\n<li>L\u00f6yd\u00e4t paljon tietoa paikoista minne menn\u00e4, asioista mit\u00e4 tehd\u00e4 \u2013 my\u00f6s ilmaiset<\/li>\n<li>Reilu hinnoittelu: paras hinta kauttamme<\/li>\n<li>Parhaat aktiviteetit on valikoitu kauppaan puolestasi \u2013 voimme suositella jokaista<\/li>\n<li>Parhaat tiedot aktiviteeteista, jotta vertailu, valinta ja valmistautuminen olisi mahdollisimman helppoa<\/li>\n<li>Olemme merkinneet aktiviteetteihin klassikot, paikallisten suosikit ja ilmaiset sek\u00e4 kenelle aktiviteetti sopii, jotta osaisit valita asiakkaillesi sopivimmat ja kiinnostavimmat<\/li>\n<\/ul>\n<p><strong>Lis\u00e4ksi:<\/strong><\/p>\n<ul>\n<li>Avustamme asiakkaitasi kohteessa mahdollisissa ongelmatilanteissa<\/li>\n<li>Kauttamme saat my\u00f6s t\u00e4yden palvelun lomapaketit: ohjelmat, majoitus, ruokailut, kuljetukset<\/li>\n<\/ul>\n<p>[\/et_pb_text][\/et_pb_column][et_pb_column type=&#8221;1_2&#8243;][et_pb_divider _builder_version=&#8221;3.16.1&#8243; saved_tabs=&#8221;all&#8221; show_divider=&#8221;off&#8221; height=&#8221;1px&#8221; custom_padding=&#8221;100px||100px|&#8221; global_module=&#8221;706&#8243; \/][\/et_pb_column][\/et_pb_row][\/et_pb_section][et_pb_section bb_built=&#8221;1&#8243; admin_label=&#8221;Great Coffee&#8221; background_color=&#8221;#e2d4c0&#8243; _builder_version=&#8221;3.12.2&#8243; background_image=&#8221;https:\/\/visitarcticnorth.fi\/wp-content\/uploads\/2018\/08\/Kopio-tiedostosta-Kopio-tiedostosta-PyhaLuosto-KotaCollectivePhoto-7790.jpg&#8221; custom_margin=&#8221;|||&#8221; custom_padding=&#8221;10%|0px|10%|0px&#8221; prev_background_color=&#8221;#ffffff&#8221;][et_pb_row make_fullwidth=&#8221;on&#8221; custom_padding=&#8221;|||&#8221; _builder_version=&#8221;3.17.1&#8243; padding_right_2=&#8221;10%&#8221; padding_left_2=&#8221;10%&#8221; use_custom_gutter=&#8221;on&#8221; gutter_width=&#8221;1&#8243;][et_pb_column type=&#8221;1_2&#8243;][\/et_pb_column][et_pb_column type=&#8221;1_2&#8243;][et_pb_text admin_label=&#8221;Tittle&#8221; _builder_version=&#8221;3.17.1&#8243; header_3_font=&#8221;|||on|||||&#8221; max_width_last_edited=&#8221;on|phone&#8221; locked=&#8221;off&#8221; background_layout=&#8221;dark&#8221;]<\/p>\n<h2>Tarjoamme materiaalipaketin<\/h2>\n<p>[\/et_pb_text][et_pb_text _builder_version=&#8221;3.17.1&#8243; background_layout=&#8221;dark&#8221;]<\/p>\n<p>\nPyyd\u00e4 meilt\u00e4 matkanj\u00e4rjest\u00e4j\u00e4n materiaalipakettia \u2013 markkinointikuvat, tuotekuvaukset ja muu tarvittava: ota yhteys sales@visitarcticnorth.fi<\/p>\n<p>Arctic Northin takana on hyv\u00e4 porukka paikallisia yritt\u00e4ji\u00e4 ja ihmisi\u00e4. Olemme toimineet Pyh\u00e4n alueella yli 10 vuotta. Yrityksen omistajat py\u00f6ritt\u00e4v\u00e4t my\u00f6s alueen ravintoloista Pyh\u00e4n Huttu-Hippua, Luoston Vaiskoa ja Poropuisto Koparan ravintolaa.<\/p>\n<p>[\/et_pb_text][\/et_pb_column][\/et_pb_row][\/et_pb_section]<\/p>\n","protected":false},"excerpt":{"rendered":"<p>Matkanj\u00e4rjest\u00e4jille Arctic North on syntynyt matkanj\u00e4rjest\u00e4jien tarpeesta l\u00f6yt\u00e4\u00e4 ja ostaa asiakkailleen sopivia aktiviteetteja Pyh\u00e4n alueella, helposti ja luotettavasti. Toimimme Pyh\u00e4n alueen aktiviteettien kauppana ja matkanj\u00e4rjest\u00e4jille my\u00f6s incoming-toimistona eli Destination Management Companyna. Saat alueen kaikki palvelut yhdest\u00e4 paikasta. Sinun ei tarvitse tehd\u00e4 sopimuksia eri toimijoiden kanssa. T\u00e4m\u00e4 helpottaa palvelujen organisointia. Teemme kaikkemme, ett\u00e4 omat asiakkaasi viihtyv\u00e4t [&hellip;]<\/p>\n","protected":false},"author":1,"featured_media":0,"parent":0,"menu_order":0,"comment_status":"closed","ping_status":"closed","template":"","meta":{"_et_pb_use_builder":"on","_et_pb_old_content":"","_et_gb_content_width":"","footnotes":""},"class_list":["post-348","page","type-page","status-publish","hentry"],"yoast_head":"<!-- This site is optimized with the Yoast SEO plugin v27.3 - https:\/\/yoast.com\/product\/yoast-seo-wordpress\/ -->\n<title>Matkan j\u00e4rjest\u00e4jille - Visit Arctic North<\/title>\n<meta name=\"robots\" content=\"index, follow, max-snippet:-1, max-image-preview:large, max-video-preview:-1\" \/>\n<link rel=\"canonical\" href=\"https:\/\/visitarcticnorth.fi\/fi\/matkan-jarjestajille\/\" \/>\n<meta property=\"og:locale\" content=\"fi_FI\" \/>\n<meta property=\"og:type\" content=\"article\" \/>\n<meta property=\"og:title\" content=\"Matkan j\u00e4rjest\u00e4jille - Visit Arctic North\" \/>\n<meta property=\"og:description\" content=\"Matkanj\u00e4rjest\u00e4jille Arctic North on syntynyt matkanj\u00e4rjest\u00e4jien tarpeesta l\u00f6yt\u00e4\u00e4 ja ostaa asiakkailleen sopivia aktiviteetteja Pyh\u00e4n alueella, helposti ja luotettavasti. Toimimme Pyh\u00e4n alueen aktiviteettien kauppana ja matkanj\u00e4rjest\u00e4jille my\u00f6s incoming-toimistona eli Destination Management Companyna. Saat alueen kaikki palvelut yhdest\u00e4 paikasta. Sinun ei tarvitse tehd\u00e4 sopimuksia eri toimijoiden kanssa. T\u00e4m\u00e4 helpottaa palvelujen organisointia. Teemme kaikkemme, ett\u00e4 omat asiakkaasi viihtyv\u00e4t [&hellip;]\" \/>\n<meta property=\"og:url\" content=\"https:\/\/visitarcticnorth.fi\/fi\/matkan-jarjestajille\/\" \/>\n<meta property=\"og:site_name\" content=\"Visit Arctic North\" \/>\n<meta property=\"article:publisher\" content=\"https:\/\/www.facebook.com\/visitarcticnorth\/\" \/>\n<meta property=\"article:modified_time\" content=\"2018-11-19T07:47:56+00:00\" \/>\n<meta property=\"og:image\" content=\"https:\/\/i0.wp.com\/visitarcticnorth.fi\/wp-content\/uploads\/2023\/12\/Visit-Arctic-North-Logotalvimaisema.png?fit=1200%2C675&ssl=1\" \/>\n\t<meta property=\"og:image:width\" content=\"1200\" \/>\n\t<meta property=\"og:image:height\" content=\"675\" \/>\n\t<meta property=\"og:image:type\" content=\"image\/png\" \/>\n<meta name=\"twitter:card\" content=\"summary_large_image\" \/>\n<meta name=\"twitter:label1\" content=\"Arvioitu lukuaika\" \/>\n\t<meta name=\"twitter:data1\" content=\"6 minuuttia\" \/>\n<script type=\"application\/ld+json\" class=\"yoast-schema-graph\">{\"@context\":\"https:\\\/\\\/schema.org\",\"@graph\":[{\"@type\":\"WebPage\",\"@id\":\"https:\\\/\\\/visitarcticnorth.fi\\\/fi\\\/matkan-jarjestajille\\\/\",\"url\":\"https:\\\/\\\/visitarcticnorth.fi\\\/fi\\\/matkan-jarjestajille\\\/\",\"name\":\"Matkan j\u00e4rjest\u00e4jille - Visit Arctic North\",\"isPartOf\":{\"@id\":\"https:\\\/\\\/visitarcticnorth.fi\\\/fi\\\/#website\"},\"datePublished\":\"2018-09-20T09:27:00+00:00\",\"dateModified\":\"2018-11-19T07:47:56+00:00\",\"breadcrumb\":{\"@id\":\"https:\\\/\\\/visitarcticnorth.fi\\\/fi\\\/matkan-jarjestajille\\\/#breadcrumb\"},\"inLanguage\":\"fi\",\"potentialAction\":[{\"@type\":\"ReadAction\",\"target\":[\"https:\\\/\\\/visitarcticnorth.fi\\\/fi\\\/matkan-jarjestajille\\\/\"]}]},{\"@type\":\"BreadcrumbList\",\"@id\":\"https:\\\/\\\/visitarcticnorth.fi\\\/fi\\\/matkan-jarjestajille\\\/#breadcrumb\",\"itemListElement\":[{\"@type\":\"ListItem\",\"position\":1,\"name\":\"Home\",\"item\":\"https:\\\/\\\/visitarcticnorth.fi\\\/fi\\\/\"},{\"@type\":\"ListItem\",\"position\":2,\"name\":\"Matkan j\u00e4rjest\u00e4jille\"}]},{\"@type\":\"WebSite\",\"@id\":\"https:\\\/\\\/visitarcticnorth.fi\\\/fi\\\/#website\",\"url\":\"https:\\\/\\\/visitarcticnorth.fi\\\/fi\\\/\",\"name\":\"Visit Arctic North\",\"description\":\"Best of Pyh\u00e4-Luosto\",\"publisher\":{\"@id\":\"https:\\\/\\\/visitarcticnorth.fi\\\/fi\\\/#organization\"},\"alternateName\":\"Arctic North\",\"potentialAction\":[{\"@type\":\"SearchAction\",\"target\":{\"@type\":\"EntryPoint\",\"urlTemplate\":\"https:\\\/\\\/visitarcticnorth.fi\\\/fi\\\/?s={search_term_string}\"},\"query-input\":{\"@type\":\"PropertyValueSpecification\",\"valueRequired\":true,\"valueName\":\"search_term_string\"}}],\"inLanguage\":\"fi\"},{\"@type\":\"Organization\",\"@id\":\"https:\\\/\\\/visitarcticnorth.fi\\\/fi\\\/#organization\",\"name\":\"Visit Arctic North\",\"alternateName\":\"Arctic North\",\"url\":\"https:\\\/\\\/visitarcticnorth.fi\\\/fi\\\/\",\"logo\":{\"@type\":\"ImageObject\",\"inLanguage\":\"fi\",\"@id\":\"https:\\\/\\\/visitarcticnorth.fi\\\/fi\\\/#\\\/schema\\\/logo\\\/image\\\/\",\"url\":\"https:\\\/\\\/i0.wp.com\\\/visitarcticnorth.fi\\\/wp-content\\\/uploads\\\/2023\\\/12\\\/Nimeton-malli-1.png?fit=500%2C500&ssl=1\",\"contentUrl\":\"https:\\\/\\\/i0.wp.com\\\/visitarcticnorth.fi\\\/wp-content\\\/uploads\\\/2023\\\/12\\\/Nimeton-malli-1.png?fit=500%2C500&ssl=1\",\"width\":500,\"height\":500,\"caption\":\"Visit Arctic North\"},\"image\":{\"@id\":\"https:\\\/\\\/visitarcticnorth.fi\\\/fi\\\/#\\\/schema\\\/logo\\\/image\\\/\"},\"sameAs\":[\"https:\\\/\\\/www.facebook.com\\\/visitarcticnorth\\\/\",\"https:\\\/\\\/www.instagram.com\\\/visitarcticnorth\\\/\"]}]}<\/script>\n<!-- \/ Yoast SEO plugin. -->","yoast_head_json":{"title":"Matkan j\u00e4rjest\u00e4jille - Visit Arctic North","robots":{"index":"index","follow":"follow","max-snippet":"max-snippet:-1","max-image-preview":"max-image-preview:large","max-video-preview":"max-video-preview:-1"},"canonical":"https:\/\/visitarcticnorth.fi\/fi\/matkan-jarjestajille\/","og_locale":"fi_FI","og_type":"article","og_title":"Matkan j\u00e4rjest\u00e4jille - Visit Arctic North","og_description":"Matkanj\u00e4rjest\u00e4jille Arctic North on syntynyt matkanj\u00e4rjest\u00e4jien tarpeesta l\u00f6yt\u00e4\u00e4 ja ostaa asiakkailleen sopivia aktiviteetteja Pyh\u00e4n alueella, helposti ja luotettavasti. Toimimme Pyh\u00e4n alueen aktiviteettien kauppana ja matkanj\u00e4rjest\u00e4jille my\u00f6s incoming-toimistona eli Destination Management Companyna. Saat alueen kaikki palvelut yhdest\u00e4 paikasta. Sinun ei tarvitse tehd\u00e4 sopimuksia eri toimijoiden kanssa. T\u00e4m\u00e4 helpottaa palvelujen organisointia. Teemme kaikkemme, ett\u00e4 omat asiakkaasi viihtyv\u00e4t [&hellip;]","og_url":"https:\/\/visitarcticnorth.fi\/fi\/matkan-jarjestajille\/","og_site_name":"Visit Arctic North","article_publisher":"https:\/\/www.facebook.com\/visitarcticnorth\/","article_modified_time":"2018-11-19T07:47:56+00:00","og_image":[{"width":1200,"height":675,"url":"https:\/\/i0.wp.com\/visitarcticnorth.fi\/wp-content\/uploads\/2023\/12\/Visit-Arctic-North-Logotalvimaisema.png?fit=1200%2C675&ssl=1","type":"image\/png"}],"twitter_card":"summary_large_image","twitter_misc":{"Arvioitu lukuaika":"6 minuuttia"},"schema":{"@context":"https:\/\/schema.org","@graph":[{"@type":"WebPage","@id":"https:\/\/visitarcticnorth.fi\/fi\/matkan-jarjestajille\/","url":"https:\/\/visitarcticnorth.fi\/fi\/matkan-jarjestajille\/","name":"Matkan j\u00e4rjest\u00e4jille - Visit Arctic North","isPartOf":{"@id":"https:\/\/visitarcticnorth.fi\/fi\/#website"},"datePublished":"2018-09-20T09:27:00+00:00","dateModified":"2018-11-19T07:47:56+00:00","breadcrumb":{"@id":"https:\/\/visitarcticnorth.fi\/fi\/matkan-jarjestajille\/#breadcrumb"},"inLanguage":"fi","potentialAction":[{"@type":"ReadAction","target":["https:\/\/visitarcticnorth.fi\/fi\/matkan-jarjestajille\/"]}]},{"@type":"BreadcrumbList","@id":"https:\/\/visitarcticnorth.fi\/fi\/matkan-jarjestajille\/#breadcrumb","itemListElement":[{"@type":"ListItem","position":1,"name":"Home","item":"https:\/\/visitarcticnorth.fi\/fi\/"},{"@type":"ListItem","position":2,"name":"Matkan j\u00e4rjest\u00e4jille"}]},{"@type":"WebSite","@id":"https:\/\/visitarcticnorth.fi\/fi\/#website","url":"https:\/\/visitarcticnorth.fi\/fi\/","name":"Visit Arctic North","description":"Best of Pyh\u00e4-Luosto","publisher":{"@id":"https:\/\/visitarcticnorth.fi\/fi\/#organization"},"alternateName":"Arctic North","potentialAction":[{"@type":"SearchAction","target":{"@type":"EntryPoint","urlTemplate":"https:\/\/visitarcticnorth.fi\/fi\/?s={search_term_string}"},"query-input":{"@type":"PropertyValueSpecification","valueRequired":true,"valueName":"search_term_string"}}],"inLanguage":"fi"},{"@type":"Organization","@id":"https:\/\/visitarcticnorth.fi\/fi\/#organization","name":"Visit Arctic North","alternateName":"Arctic North","url":"https:\/\/visitarcticnorth.fi\/fi\/","logo":{"@type":"ImageObject","inLanguage":"fi","@id":"https:\/\/visitarcticnorth.fi\/fi\/#\/schema\/logo\/image\/","url":"https:\/\/i0.wp.com\/visitarcticnorth.fi\/wp-content\/uploads\/2023\/12\/Nimeton-malli-1.png?fit=500%2C500&ssl=1","contentUrl":"https:\/\/i0.wp.com\/visitarcticnorth.fi\/wp-content\/uploads\/2023\/12\/Nimeton-malli-1.png?fit=500%2C500&ssl=1","width":500,"height":500,"caption":"Visit Arctic North"},"image":{"@id":"https:\/\/visitarcticnorth.fi\/fi\/#\/schema\/logo\/image\/"},"sameAs":["https:\/\/www.facebook.com\/visitarcticnorth\/","https:\/\/www.instagram.com\/visitarcticnorth\/"]}]}},"jetpack_sharing_enabled":true,"_links":{"self":[{"href":"https:\/\/visitarcticnorth.fi\/fi\/wp-json\/wp\/v2\/pages\/348","targetHints":{"allow":["GET"]}}],"collection":[{"href":"https:\/\/visitarcticnorth.fi\/fi\/wp-json\/wp\/v2\/pages"}],"about":[{"href":"https:\/\/visitarcticnorth.fi\/fi\/wp-json\/wp\/v2\/types\/page"}],"author":[{"embeddable":true,"href":"https:\/\/visitarcticnorth.fi\/fi\/wp-json\/wp\/v2\/users\/1"}],"replies":[{"embeddable":true,"href":"https:\/\/visitarcticnorth.fi\/fi\/wp-json\/wp\/v2\/comments?post=348"}],"version-history":[{"count":23,"href":"https:\/\/visitarcticnorth.fi\/fi\/wp-json\/wp\/v2\/pages\/348\/revisions"}],"predecessor-version":[{"id":1264,"href":"https:\/\/visitarcticnorth.fi\/fi\/wp-json\/wp\/v2\/pages\/348\/revisions\/1264"}],"wp:attachment":[{"href":"https:\/\/visitarcticnorth.fi\/fi\/wp-json\/wp\/v2\/media?parent=348"}],"curies":[{"name":"wp","href":"https:\/\/api.w.org\/{rel}","templated":true}]}}