{"id":3520,"date":"2020-03-29T20:50:23","date_gmt":"2020-03-29T17:50:23","guid":{"rendered":"https:\/\/visitarcticnorth.fi\/?page_id=3520"},"modified":"2024-03-19T12:46:41","modified_gmt":"2024-03-19T10:46:41","slug":"tarinoita-pyhalta","status":"publish","type":"page","link":"https:\/\/visitarcticnorth.fi\/fi\/tarinoita-pyhalta\/","title":{"rendered":"Tarinoita Pyh\u00e4-Luostolta"},"content":{"rendered":"<p>[et_pb_section fb_built=&#8221;1&#8243; fullwidth=&#8221;on&#8221; admin_label=&#8221;Header Section&#8221; _builder_version=&#8221;4.16&#8243; background_image=&#8221;https:\/\/visitarcticnorth.fi\/wp-content\/uploads\/2018\/10\/ArcticNorth_brandikuva_2.jpg&#8221; background_position=&#8221;bottom_center&#8221; custom_padding=&#8221;|||&#8221; global_colors_info=&#8221;{}&#8221;][et_pb_fullwidth_header title=&#8221;Tervetuloa lukemaan Tarinoita Pyh\u00e4-Luostolta -blogia!&#8221; text_orientation=&#8221;center&#8221; background_overlay_color=&#8221;rgba(0,0,0,0.01)&#8221; content_max_width_last_edited=&#8221;off|desktop&#8221; admin_label=&#8221;Contents&#8221; _builder_version=&#8221;4.16&#8243; title_font=&#8221;|||on|&#8221; background_color=&#8221;rgba(255,255,255,0)&#8221; parallax=&#8221;on&#8221; parallax_method=&#8221;on&#8221; title_font_size_last_edited=&#8221;off|desktop&#8221; global_colors_info=&#8221;{}&#8221; button_one_text_size__hover_enabled=&#8221;off&#8221; button_one_text_size__hover=&#8221;null&#8221; button_two_text_size__hover_enabled=&#8221;off&#8221; button_two_text_size__hover=&#8221;null&#8221; button_one_text_color__hover_enabled=&#8221;off&#8221; button_one_text_color__hover=&#8221;null&#8221; button_two_text_color__hover_enabled=&#8221;off&#8221; button_two_text_color__hover=&#8221;null&#8221; button_one_border_width__hover_enabled=&#8221;off&#8221; button_one_border_width__hover=&#8221;null&#8221; button_two_border_width__hover_enabled=&#8221;off&#8221; button_two_border_width__hover=&#8221;null&#8221; button_one_border_color__hover_enabled=&#8221;on&#8221; button_one_border_color__hover=&#8221;#c99872&#8243; button_two_border_color__hover_enabled=&#8221;off&#8221; button_two_border_color__hover=&#8221;null&#8221; button_one_border_radius__hover_enabled=&#8221;off&#8221; button_one_border_radius__hover=&#8221;null&#8221; button_two_border_radius__hover_enabled=&#8221;off&#8221; button_two_border_radius__hover=&#8221;null&#8221; button_one_letter_spacing__hover_enabled=&#8221;off&#8221; button_one_letter_spacing__hover=&#8221;null&#8221; button_two_letter_spacing__hover_enabled=&#8221;off&#8221; button_two_letter_spacing__hover=&#8221;null&#8221; button_one_bg_color__hover_enabled=&#8221;on&#8221; button_one_bg_color__hover=&#8221;#c99872&#8243; button_two_bg_color__hover_enabled=&#8221;off&#8221; button_two_bg_color__hover=&#8221;null&#8221;][\/et_pb_fullwidth_header][\/et_pb_section][et_pb_section fb_built=&#8221;1&#8243; _builder_version=&#8221;4.16&#8243; background_color=&#8221;#f9f9f9&#8243; custom_margin=&#8221;||0px|&#8221; custom_padding=&#8221;||40px|&#8221; hover_enabled=&#8221;0&#8243; global_colors_info=&#8221;{}&#8221; sticky_enabled=&#8221;0&#8243;][et_pb_row _builder_version=&#8221;4.16&#8243; background_size=&#8221;initial&#8221; background_position=&#8221;top_left&#8221; background_repeat=&#8221;repeat&#8221; global_colors_info=&#8221;{}&#8221;][et_pb_column type=&#8221;4_4&#8243; _builder_version=&#8221;4.16&#8243; custom_padding=&#8221;|||&#8221; hover_enabled=&#8221;0&#8243; global_colors_info=&#8221;{}&#8221; custom_padding__hover=&#8221;|||&#8221; sticky_enabled=&#8221;0&#8243;][et_pb_blog fullwidth=&#8221;off&#8221; include_categories=&#8221;211&#8243; show_more=&#8221;on&#8221; show_author=&#8221;off&#8221; show_date=&#8221;off&#8221; show_categories=&#8221;off&#8221; admin_label=&#8221;Artikkelit&#8221; _builder_version=&#8221;4.16&#8243; text_orientation=&#8221;center&#8221; hover_enabled=&#8221;0&#8243; custom_css_title=&#8221;padding-bottom:25px;&#8221; global_colors_info=&#8221;{}&#8221; sticky_enabled=&#8221;0&#8243;][\/et_pb_blog][\/et_pb_column][\/et_pb_row][\/et_pb_section]<\/p>\n","protected":false},"excerpt":{"rendered":"","protected":false},"author":2,"featured_media":0,"parent":0,"menu_order":0,"comment_status":"closed","ping_status":"closed","template":"","meta":{"_et_pb_use_builder":"on","_et_pb_old_content":"","_et_gb_content_width":"","footnotes":""},"class_list":["post-3520","page","type-page","status-publish","hentry"],"yoast_head":"<!-- This site is optimized with the Yoast SEO plugin v27.3 - https:\/\/yoast.com\/product\/yoast-seo-wordpress\/ -->\n<title>Tarinoita Pyh\u00e4-Luostolta<\/title>\n<meta name=\"description\" content=\"Hiihtovinkkej\u00e4, revontulibongausta, ruskaretki\u00e4 ja muita tarinoita Pyh\u00e4-Luostolta. Lue ja ihastu Pyh\u00e4-Luostoon.\" \/>\n<meta name=\"robots\" content=\"index, follow, max-snippet:-1, max-image-preview:large, max-video-preview:-1\" \/>\n<link rel=\"canonical\" href=\"https:\/\/visitarcticnorth.fi\/fi\/tarinoita-pyhalta\/\" \/>\n<meta property=\"og:locale\" content=\"fi_FI\" \/>\n<meta property=\"og:type\" content=\"article\" \/>\n<meta property=\"og:title\" content=\"Tarinoita Pyh\u00e4-Luostolta\" \/>\n<meta property=\"og:description\" content=\"Hiihtovinkkej\u00e4, revontulibongausta, ruskaretki\u00e4 ja muita tarinoita Pyh\u00e4-Luostolta. Lue ja ihastu Pyh\u00e4-Luostoon.\" \/>\n<meta property=\"og:url\" content=\"https:\/\/visitarcticnorth.fi\/fi\/tarinoita-pyhalta\/\" \/>\n<meta property=\"og:site_name\" content=\"Visit Arctic North\" \/>\n<meta property=\"article:publisher\" content=\"https:\/\/www.facebook.com\/visitarcticnorth\/\" \/>\n<meta property=\"article:modified_time\" content=\"2024-03-19T10:46:41+00:00\" \/>\n<meta property=\"og:image\" content=\"https:\/\/i0.wp.com\/visitarcticnorth.fi\/wp-content\/uploads\/2023\/12\/Visit-Arctic-North-Logotalvimaisema.png?fit=1200%2C675&ssl=1\" \/>\n\t<meta property=\"og:image:width\" content=\"1200\" \/>\n\t<meta property=\"og:image:height\" content=\"675\" \/>\n\t<meta property=\"og:image:type\" content=\"image\/png\" \/>\n<meta name=\"twitter:card\" content=\"summary_large_image\" \/>\n<meta name=\"twitter:label1\" content=\"Arvioitu lukuaika\" \/>\n\t<meta name=\"twitter:data1\" content=\"3 minuuttia\" \/>\n<script type=\"application\/ld+json\" class=\"yoast-schema-graph\">{\"@context\":\"https:\\\/\\\/schema.org\",\"@graph\":[{\"@type\":\"WebPage\",\"@id\":\"https:\\\/\\\/visitarcticnorth.fi\\\/fi\\\/tarinoita-pyhalta\\\/\",\"url\":\"https:\\\/\\\/visitarcticnorth.fi\\\/fi\\\/tarinoita-pyhalta\\\/\",\"name\":\"Tarinoita Pyh\u00e4-Luostolta\",\"isPartOf\":{\"@id\":\"https:\\\/\\\/visitarcticnorth.fi\\\/fi\\\/#website\"},\"datePublished\":\"2020-03-29T17:50:23+00:00\",\"dateModified\":\"2024-03-19T10:46:41+00:00\",\"description\":\"Hiihtovinkkej\u00e4, revontulibongausta, ruskaretki\u00e4 ja muita tarinoita Pyh\u00e4-Luostolta. Lue ja ihastu Pyh\u00e4-Luostoon.\",\"breadcrumb\":{\"@id\":\"https:\\\/\\\/visitarcticnorth.fi\\\/fi\\\/tarinoita-pyhalta\\\/#breadcrumb\"},\"inLanguage\":\"fi\",\"potentialAction\":[{\"@type\":\"ReadAction\",\"target\":[\"https:\\\/\\\/visitarcticnorth.fi\\\/fi\\\/tarinoita-pyhalta\\\/\"]}]},{\"@type\":\"BreadcrumbList\",\"@id\":\"https:\\\/\\\/visitarcticnorth.fi\\\/fi\\\/tarinoita-pyhalta\\\/#breadcrumb\",\"itemListElement\":[{\"@type\":\"ListItem\",\"position\":1,\"name\":\"Home\",\"item\":\"https:\\\/\\\/visitarcticnorth.fi\\\/fi\\\/\"},{\"@type\":\"ListItem\",\"position\":2,\"name\":\"Tarinoita Pyh\u00e4-Luostolta\"}]},{\"@type\":\"WebSite\",\"@id\":\"https:\\\/\\\/visitarcticnorth.fi\\\/fi\\\/#website\",\"url\":\"https:\\\/\\\/visitarcticnorth.fi\\\/fi\\\/\",\"name\":\"Visit Arctic North\",\"description\":\"Best of Pyh\u00e4-Luosto\",\"publisher\":{\"@id\":\"https:\\\/\\\/visitarcticnorth.fi\\\/fi\\\/#organization\"},\"alternateName\":\"Arctic North\",\"potentialAction\":[{\"@type\":\"SearchAction\",\"target\":{\"@type\":\"EntryPoint\",\"urlTemplate\":\"https:\\\/\\\/visitarcticnorth.fi\\\/fi\\\/?s={search_term_string}\"},\"query-input\":{\"@type\":\"PropertyValueSpecification\",\"valueRequired\":true,\"valueName\":\"search_term_string\"}}],\"inLanguage\":\"fi\"},{\"@type\":\"Organization\",\"@id\":\"https:\\\/\\\/visitarcticnorth.fi\\\/fi\\\/#organization\",\"name\":\"Visit Arctic North\",\"alternateName\":\"Arctic North\",\"url\":\"https:\\\/\\\/visitarcticnorth.fi\\\/fi\\\/\",\"logo\":{\"@type\":\"ImageObject\",\"inLanguage\":\"fi\",\"@id\":\"https:\\\/\\\/visitarcticnorth.fi\\\/fi\\\/#\\\/schema\\\/logo\\\/image\\\/\",\"url\":\"https:\\\/\\\/i0.wp.com\\\/visitarcticnorth.fi\\\/wp-content\\\/uploads\\\/2023\\\/12\\\/Nimeton-malli-1.png?fit=500%2C500&ssl=1\",\"contentUrl\":\"https:\\\/\\\/i0.wp.com\\\/visitarcticnorth.fi\\\/wp-content\\\/uploads\\\/2023\\\/12\\\/Nimeton-malli-1.png?fit=500%2C500&ssl=1\",\"width\":500,\"height\":500,\"caption\":\"Visit Arctic North\"},\"image\":{\"@id\":\"https:\\\/\\\/visitarcticnorth.fi\\\/fi\\\/#\\\/schema\\\/logo\\\/image\\\/\"},\"sameAs\":[\"https:\\\/\\\/www.facebook.com\\\/visitarcticnorth\\\/\",\"https:\\\/\\\/www.instagram.com\\\/visitarcticnorth\\\/\"]}]}<\/script>\n<!-- \/ Yoast SEO plugin. -->","yoast_head_json":{"title":"Tarinoita Pyh\u00e4-Luostolta","description":"Hiihtovinkkej\u00e4, revontulibongausta, ruskaretki\u00e4 ja muita tarinoita Pyh\u00e4-Luostolta. Lue ja ihastu Pyh\u00e4-Luostoon.","robots":{"index":"index","follow":"follow","max-snippet":"max-snippet:-1","max-image-preview":"max-image-preview:large","max-video-preview":"max-video-preview:-1"},"canonical":"https:\/\/visitarcticnorth.fi\/fi\/tarinoita-pyhalta\/","og_locale":"fi_FI","og_type":"article","og_title":"Tarinoita Pyh\u00e4-Luostolta","og_description":"Hiihtovinkkej\u00e4, revontulibongausta, ruskaretki\u00e4 ja muita tarinoita Pyh\u00e4-Luostolta. Lue ja ihastu Pyh\u00e4-Luostoon.","og_url":"https:\/\/visitarcticnorth.fi\/fi\/tarinoita-pyhalta\/","og_site_name":"Visit Arctic North","article_publisher":"https:\/\/www.facebook.com\/visitarcticnorth\/","article_modified_time":"2024-03-19T10:46:41+00:00","og_image":[{"width":1200,"height":675,"url":"https:\/\/i0.wp.com\/visitarcticnorth.fi\/wp-content\/uploads\/2023\/12\/Visit-Arctic-North-Logotalvimaisema.png?fit=1200%2C675&ssl=1","type":"image\/png"}],"twitter_card":"summary_large_image","twitter_misc":{"Arvioitu lukuaika":"3 minuuttia"},"schema":{"@context":"https:\/\/schema.org","@graph":[{"@type":"WebPage","@id":"https:\/\/visitarcticnorth.fi\/fi\/tarinoita-pyhalta\/","url":"https:\/\/visitarcticnorth.fi\/fi\/tarinoita-pyhalta\/","name":"Tarinoita Pyh\u00e4-Luostolta","isPartOf":{"@id":"https:\/\/visitarcticnorth.fi\/fi\/#website"},"datePublished":"2020-03-29T17:50:23+00:00","dateModified":"2024-03-19T10:46:41+00:00","description":"Hiihtovinkkej\u00e4, revontulibongausta, ruskaretki\u00e4 ja muita tarinoita Pyh\u00e4-Luostolta. Lue ja ihastu Pyh\u00e4-Luostoon.","breadcrumb":{"@id":"https:\/\/visitarcticnorth.fi\/fi\/tarinoita-pyhalta\/#breadcrumb"},"inLanguage":"fi","potentialAction":[{"@type":"ReadAction","target":["https:\/\/visitarcticnorth.fi\/fi\/tarinoita-pyhalta\/"]}]},{"@type":"BreadcrumbList","@id":"https:\/\/visitarcticnorth.fi\/fi\/tarinoita-pyhalta\/#breadcrumb","itemListElement":[{"@type":"ListItem","position":1,"name":"Home","item":"https:\/\/visitarcticnorth.fi\/fi\/"},{"@type":"ListItem","position":2,"name":"Tarinoita Pyh\u00e4-Luostolta"}]},{"@type":"WebSite","@id":"https:\/\/visitarcticnorth.fi\/fi\/#website","url":"https:\/\/visitarcticnorth.fi\/fi\/","name":"Visit Arctic North","description":"Best of Pyh\u00e4-Luosto","publisher":{"@id":"https:\/\/visitarcticnorth.fi\/fi\/#organization"},"alternateName":"Arctic North","potentialAction":[{"@type":"SearchAction","target":{"@type":"EntryPoint","urlTemplate":"https:\/\/visitarcticnorth.fi\/fi\/?s={search_term_string}"},"query-input":{"@type":"PropertyValueSpecification","valueRequired":true,"valueName":"search_term_string"}}],"inLanguage":"fi"},{"@type":"Organization","@id":"https:\/\/visitarcticnorth.fi\/fi\/#organization","name":"Visit Arctic North","alternateName":"Arctic North","url":"https:\/\/visitarcticnorth.fi\/fi\/","logo":{"@type":"ImageObject","inLanguage":"fi","@id":"https:\/\/visitarcticnorth.fi\/fi\/#\/schema\/logo\/image\/","url":"https:\/\/i0.wp.com\/visitarcticnorth.fi\/wp-content\/uploads\/2023\/12\/Nimeton-malli-1.png?fit=500%2C500&ssl=1","contentUrl":"https:\/\/i0.wp.com\/visitarcticnorth.fi\/wp-content\/uploads\/2023\/12\/Nimeton-malli-1.png?fit=500%2C500&ssl=1","width":500,"height":500,"caption":"Visit Arctic North"},"image":{"@id":"https:\/\/visitarcticnorth.fi\/fi\/#\/schema\/logo\/image\/"},"sameAs":["https:\/\/www.facebook.com\/visitarcticnorth\/","https:\/\/www.instagram.com\/visitarcticnorth\/"]}]}},"jetpack_sharing_enabled":true,"_links":{"self":[{"href":"https:\/\/visitarcticnorth.fi\/fi\/wp-json\/wp\/v2\/pages\/3520","targetHints":{"allow":["GET"]}}],"collection":[{"href":"https:\/\/visitarcticnorth.fi\/fi\/wp-json\/wp\/v2\/pages"}],"about":[{"href":"https:\/\/visitarcticnorth.fi\/fi\/wp-json\/wp\/v2\/types\/page"}],"author":[{"embeddable":true,"href":"https:\/\/visitarcticnorth.fi\/fi\/wp-json\/wp\/v2\/users\/2"}],"replies":[{"embeddable":true,"href":"https:\/\/visitarcticnorth.fi\/fi\/wp-json\/wp\/v2\/comments?post=3520"}],"version-history":[{"count":23,"href":"https:\/\/visitarcticnorth.fi\/fi\/wp-json\/wp\/v2\/pages\/3520\/revisions"}],"predecessor-version":[{"id":5261,"href":"https:\/\/visitarcticnorth.fi\/fi\/wp-json\/wp\/v2\/pages\/3520\/revisions\/5261"}],"wp:attachment":[{"href":"https:\/\/visitarcticnorth.fi\/fi\/wp-json\/wp\/v2\/media?parent=3520"}],"curies":[{"name":"wp","href":"https:\/\/api.w.org\/{rel}","templated":true}]}}