{"id":3874,"date":"2020-09-07T19:03:28","date_gmt":"2020-09-07T16:03:28","guid":{"rendered":"https:\/\/visitarcticnorth.fi\/?page_id=3874"},"modified":"2020-09-08T20:11:12","modified_gmt":"2020-09-08T17:11:12","slug":"syysloma-pyha-luostolla","status":"publish","type":"page","link":"https:\/\/visitarcticnorth.fi\/fi\/syysloma-pyha-luostolla\/","title":{"rendered":"Syysloma Pyh\u00e4-Luostolla"},"content":{"rendered":"<p>[et_pb_section fb_built=&#8221;1&#8243; fullwidth=&#8221;on&#8221; admin_label=&#8221;Header Section&#8221; _builder_version=&#8221;3.22&#8243;][et_pb_fullwidth_header title=&#8221;Syyslomalla Pyh\u00e4-Luostolle?&#8221; text_orientation=&#8221;center&#8221; button_one_url=&#8221;https:\/\/visitarcticnorth.fi\/fi\/aktiviteetit\/&#8221; background_overlay_color=&#8221;rgba(22,22,22,0)&#8221; content_max_width_last_edited=&#8221;off|desktop&#8221; admin_label=&#8221;Contents&#8221; _builder_version=&#8221;4.6.0&#8243; title_text_align=&#8221;center&#8221; background_color=&#8221;#ffffff&#8221; background_image=&#8221;https:\/\/visitarcticnorth.fi\/wp-content\/uploads\/2020\/09\/syys_banner_1.png&#8221; parallax=&#8221;on&#8221; custom_padding=&#8221;100px||150px|&#8221; custom_padding_tablet=&#8221;125px||125px|&#8221; custom_padding_phone=&#8221;100px||100px|&#8221; custom_padding_last_edited=&#8221;on|desktop&#8221; animation_style=&#8221;fade&#8221; animation_starting_opacity=&#8221;50%&#8221; animation_speed_curve=&#8221;ease-in&#8221; title_font_size_last_edited=&#8221;off|desktop&#8221; z_index_tablet=&#8221;500&#8243; custom_css_subtitle=&#8221;margin-bottom:25px;&#8221; title_text_shadow_horizontal_length_tablet=&#8221;0px&#8221; title_text_shadow_vertical_length_tablet=&#8221;0px&#8221; title_text_shadow_blur_strength_tablet=&#8221;1px&#8221; content_text_shadow_horizontal_length_tablet=&#8221;0px&#8221; content_text_shadow_vertical_length_tablet=&#8221;0px&#8221; content_text_shadow_blur_strength_tablet=&#8221;1px&#8221; subhead_text_shadow_horizontal_length_tablet=&#8221;0px&#8221; subhead_text_shadow_vertical_length_tablet=&#8221;0px&#8221; subhead_text_shadow_blur_strength_tablet=&#8221;1px&#8221; content_link_text_shadow_horizontal_length_tablet=&#8221;0px&#8221; content_link_text_shadow_vertical_length_tablet=&#8221;0px&#8221; content_link_text_shadow_blur_strength_tablet=&#8221;1px&#8221; content_ul_text_shadow_horizontal_length_tablet=&#8221;0px&#8221; content_ul_text_shadow_vertical_length_tablet=&#8221;0px&#8221; content_ul_text_shadow_blur_strength_tablet=&#8221;1px&#8221; content_ol_text_shadow_horizontal_length_tablet=&#8221;0px&#8221; content_ol_text_shadow_vertical_length_tablet=&#8221;0px&#8221; content_ol_text_shadow_blur_strength_tablet=&#8221;1px&#8221; content_quote_text_shadow_horizontal_length_tablet=&#8221;0px&#8221; content_quote_text_shadow_vertical_length_tablet=&#8221;0px&#8221; content_quote_text_shadow_blur_strength_tablet=&#8221;1px&#8221; button_one_text_shadow_horizontal_length_tablet=&#8221;0px&#8221; button_one_text_shadow_vertical_length_tablet=&#8221;0px&#8221; button_one_text_shadow_blur_strength_tablet=&#8221;1px&#8221; button_two_text_shadow_horizontal_length_tablet=&#8221;0px&#8221; button_two_text_shadow_vertical_length_tablet=&#8221;0px&#8221; button_two_text_shadow_blur_strength_tablet=&#8221;1px&#8221; box_shadow_horizontal_tablet=&#8221;0px&#8221; box_shadow_vertical_tablet=&#8221;0px&#8221; box_shadow_blur_tablet=&#8221;40px&#8221; box_shadow_spread_tablet=&#8221;0px&#8221; box_shadow_horizontal_image_tablet=&#8221;0px&#8221; box_shadow_vertical_image_tablet=&#8221;0px&#8221; box_shadow_blur_image_tablet=&#8221;40px&#8221; box_shadow_spread_image_tablet=&#8221;0px&#8221; box_shadow_horizontal_button_one_tablet=&#8221;0px&#8221; box_shadow_vertical_button_one_tablet=&#8221;0px&#8221; box_shadow_blur_button_one_tablet=&#8221;40px&#8221; box_shadow_spread_button_one_tablet=&#8221;0px&#8221; box_shadow_horizontal_button_two_tablet=&#8221;0px&#8221; box_shadow_vertical_button_two_tablet=&#8221;0px&#8221; box_shadow_blur_button_two_tablet=&#8221;40px&#8221; box_shadow_spread_button_two_tablet=&#8221;0px&#8221; text_shadow_horizontal_length_tablet=&#8221;0px&#8221; text_shadow_vertical_length_tablet=&#8221;0px&#8221; text_shadow_blur_strength_tablet=&#8221;1px&#8221; button_one_text_size__hover_enabled=&#8221;off&#8221; button_one_text_size__hover=&#8221;null&#8221; button_two_text_size__hover_enabled=&#8221;off&#8221; button_two_text_size__hover=&#8221;null&#8221; button_one_text_color__hover_enabled=&#8221;off&#8221; button_one_text_color__hover=&#8221;null&#8221; button_two_text_color__hover_enabled=&#8221;off&#8221; button_two_text_color__hover=&#8221;null&#8221; button_one_border_width__hover_enabled=&#8221;off&#8221; button_one_border_width__hover=&#8221;null&#8221; button_two_border_width__hover_enabled=&#8221;off&#8221; button_two_border_width__hover=&#8221;null&#8221; button_one_border_color__hover_enabled=&#8221;on&#8221; button_one_border_color__hover=&#8221;#c99872&#8243; button_two_border_color__hover_enabled=&#8221;off&#8221; button_two_border_color__hover=&#8221;null&#8221; button_one_border_radius__hover_enabled=&#8221;off&#8221; button_one_border_radius__hover=&#8221;null&#8221; button_two_border_radius__hover_enabled=&#8221;off&#8221; button_two_border_radius__hover=&#8221;null&#8221; button_one_letter_spacing__hover_enabled=&#8221;off&#8221; button_one_letter_spacing__hover=&#8221;null&#8221; button_two_letter_spacing__hover_enabled=&#8221;off&#8221; button_two_letter_spacing__hover=&#8221;null&#8221; button_one_bg_color__hover_enabled=&#8221;on&#8221; button_one_bg_color__hover=&#8221;#c99872&#8243; button_two_bg_color__hover_enabled=&#8221;off&#8221; button_two_bg_color__hover=&#8221;null&#8221;][\/et_pb_fullwidth_header][\/et_pb_section][et_pb_section fb_built=&#8221;1&#8243; admin_label=&#8221;Coffee Menu&#8221; _builder_version=&#8221;3.22&#8243; background_color=&#8221;#ffffff&#8221; custom_padding=&#8221;35px||50px|||&#8221;][et_pb_row admin_label=&#8221;Section Header&#8221; _builder_version=&#8221;3.25&#8243; custom_padding=&#8221;40px|0px|40px|0px&#8221;][et_pb_column type=&#8221;4_4&#8243; _builder_version=&#8221;3.25&#8243; custom_padding=&#8221;|||&#8221; custom_padding__hover=&#8221;|||&#8221;][et_pb_text admin_label=&#8221;Tittle&#8221; _builder_version=&#8221;4.6.0&#8243; text_orientation=&#8221;center&#8221; max_width=&#8221;600px&#8221; max_width_tablet=&#8221;&#8221; max_width_phone=&#8221;&#8221; max_width_last_edited=&#8221;on|phone&#8221; module_alignment=&#8221;center&#8221;]<\/p>\n<h2>Tervetuloa kokemaan ainutlaatuinen jylh\u00e4 tunturimaisema, upea luonto ja Pyh\u00e4-Luoston rauha autenttiseen Lapin taikamaahan.<\/h2>\n<h3>Pyh\u00e4-Luostolla kohtaavat kiireet\u00f6n ja aito lappilainen el\u00e4m\u00e4nmeno sek\u00e4 nykyaikaiset, tasokkaat palvelut. Koska yhdell\u00e4 lomalla ei ehdi kokea kaikkea, olemme ker\u00e4nneet t\u00e4h\u00e4n muutaman t\u00e4rpin, jotka ovat Pyh\u00e4n syksyss\u00e4 aivan must!<\/h3>\n<h2>\u00a0<\/h2>\n<h2>TOP 5<\/h2>\n<p>[\/et_pb_text][\/et_pb_column][\/et_pb_row][et_pb_row column_structure=&#8221;1_2,1_2&#8243; _builder_version=&#8221;4.6.0&#8243; _module_preset=&#8221;default&#8221;][et_pb_column type=&#8221;1_2&#8243; _builder_version=&#8221;4.6.0&#8243; _module_preset=&#8221;default&#8221;][et_pb_text _builder_version=&#8221;4.6.0&#8243; _module_preset=&#8221;default&#8221; background_enable_image=&#8221;off&#8221; module_alignment=&#8221;left&#8221; custom_margin=&#8221;0px||||false|false&#8221;]<\/p>\n<div class=\"et_pb_module et_pb_text et_pb_text_1  et_pb_text_align_left et_pb_bg_layout_light\">\n<h2>1. Syksyinen kansallispuisto<\/h2>\n<\/div>\n<div class=\"et_pb_module et_pb_text et_pb_text_2  et_pb_text_align_left et_pb_bg_layout_light\">\n<div class=\"et_pb_text_inner\">\n<h3>Koe lumoava ruska ja syksyinen kansallispuisto aitiopaikalla patikoiden tai py\u00f6r\u00e4illen. Vuokraa vaikka k\u00e4tev\u00e4 s\u00e4hk\u00f6py\u00f6r\u00e4 ja jaksat retkeill\u00e4 pidemp\u00e4\u00e4n! Reitit sopivat mainiosti p\u00e4iv\u00e4retkeilyyn. Pyh\u00e4-Luoston kansallispuisto k\u00e4tkee sis\u00e4\u00e4ns\u00e4 mm. Suomen suurimman kurun, 220 metri\u00e4 syv\u00e4n Isokurun. Isokurun per\u00e4lt\u00e4 l\u00f6yd\u00e4t kattilamaisen painanteen, jonka pohjalla on 12 metri\u00e4 syv\u00e4 Pyh\u00e4nkasteenlampi, johon laskee 17 metri\u00e4 korkea Pyh\u00e4nkasteenputous. Varaa meilt\u00e4 retkelle valmiiksi pakattu ev\u00e4sreppu ja nautiskele retkest\u00e4 huolettomasti ja hyvin ev\u00e4in.<\/h3>\n<\/div>\n<\/div>\n<p>[\/et_pb_text][\/et_pb_column][et_pb_column type=&#8221;1_2&#8243; _builder_version=&#8221;4.6.0&#8243; _module_preset=&#8221;default&#8221;][et_pb_image src=&#8221;https:\/\/visitarcticnorth.fi\/wp-content\/uploads\/2020\/09\/syksy_1.png&#8221; title_text=&#8221;syksy_1&#8243; _builder_version=&#8221;4.6.0&#8243; _module_preset=&#8221;default&#8221; width=&#8221;78%&#8221; max_width=&#8221;78%&#8221;][\/et_pb_image][\/et_pb_column][\/et_pb_row][et_pb_row column_structure=&#8221;1_2,1_2&#8243; _builder_version=&#8221;4.6.0&#8243; _module_preset=&#8221;default&#8221;][et_pb_column type=&#8221;1_2&#8243; _builder_version=&#8221;4.6.0&#8243; _module_preset=&#8221;default&#8221;][et_pb_text _builder_version=&#8221;4.6.0&#8243; _module_preset=&#8221;default&#8221;]<\/p>\n<div class=\"et_pb_module et_pb_text et_pb_text_1  et_pb_text_align_left et_pb_bg_layout_light\">\n<h2>2. Melonta Pyh\u00e4j\u00e4rvell\u00e4 tai Pyh\u00e4joella<\/h2>\n<\/div>\n<div class=\"et_pb_module et_pb_text et_pb_text_2  et_pb_text_align_left et_pb_bg_layout_light\">\n<div class=\"et_pb_text_inner\">\n<h3>Melonta rentouttaa kehoa ja rauhoittaa mielt\u00e4. Se on mainio tapa nauttia Pyh\u00e4tunturin kauniista<br \/>maisemista luonnon syliss\u00e4. Melonta on mukavan fyysist\u00e4, mutta my\u00f6s aisteja her\u00e4ttelev\u00e4\u00e4. Siin\u00e4<br \/>on vain sit\u00e4 jotain, kun meloo rauhallisesti veden liplatusta kuunnellen ja samalla taustalla n\u00e4kyv\u00e4\u00e4<br \/>upeaa tunturimaisemaa ihaillen. Aloittelijoille suosittelemme melontaa turvallisesti oppaan kanssa.<\/h3>\n<\/div>\n<\/div>\n<p>[\/et_pb_text][\/et_pb_column][et_pb_column type=&#8221;1_2&#8243; _builder_version=&#8221;4.6.0&#8243; _module_preset=&#8221;default&#8221;][et_pb_image src=&#8221;https:\/\/visitarcticnorth.fi\/wp-content\/uploads\/2020\/09\/syksy_2.png&#8221; title_text=&#8221;syksy_2&#8243; _builder_version=&#8221;4.6.0&#8243; _module_preset=&#8221;default&#8221; width=&#8221;78%&#8221; max_width=&#8221;78%&#8221;][\/et_pb_image][\/et_pb_column][\/et_pb_row][et_pb_row column_structure=&#8221;1_2,1_2&#8243; _builder_version=&#8221;4.6.0&#8243; _module_preset=&#8221;default&#8221;][et_pb_column type=&#8221;1_2&#8243; _builder_version=&#8221;4.6.0&#8243; _module_preset=&#8221;default&#8221;][et_pb_text _builder_version=&#8221;4.6.0&#8243; _module_preset=&#8221;default&#8221;]<\/p>\n<div class=\"et_pb_module et_pb_text et_pb_text_1  et_pb_text_align_left et_pb_bg_layout_light\">\n<h2 class=\"et_pb_text_inner\">3. Lampivaaran ametistikaivos<\/h2>\n<\/div>\n<div class=\"et_pb_module et_pb_text et_pb_text_2  et_pb_text_align_left et_pb_bg_layout_light\">\n<div class=\"et_pb_text_inner\">\n<h3>Lampivaaran Ametistikaivos on ainutlaatuinen vierailukohde. Aito jalokivikaivos sijaitsee Lampivaaran huipulla, Pyh\u00e4-Luoston kansallispuiston keskell\u00e4. Alueen geologinen ik\u00e4 on miljardeja vuosia. Maisemat ovat henke\u00e4salpaavat ja alueen ametistit luovat hyv\u00e4\u00e4 energiaa ymp\u00e4rist\u00f6\u00f6n. Ametistikaivos on hieman ep\u00e4tavallinen, kest\u00e4v\u00e4ll\u00e4 tavalla toimiva kaivos: koneita ei k\u00e4ytet\u00e4 kaivuuty\u00f6h\u00f6n, eik\u00e4 ametisteja myyd\u00e4 maailmalle raaka-aineeksi.<\/h3>\n<\/div>\n<\/div>\n<p>[\/et_pb_text][\/et_pb_column][et_pb_column type=&#8221;1_2&#8243; _builder_version=&#8221;4.6.0&#8243; _module_preset=&#8221;default&#8221;][et_pb_image src=&#8221;https:\/\/visitarcticnorth.fi\/wp-content\/uploads\/2020\/09\/syksy_3.png&#8221; title_text=&#8221;syksy_3&#8243; _builder_version=&#8221;4.6.0&#8243; _module_preset=&#8221;default&#8221; width=&#8221;78%&#8221; max_width=&#8221;78%&#8221;][\/et_pb_image][\/et_pb_column][\/et_pb_row][et_pb_row column_structure=&#8221;1_2,1_2&#8243; _builder_version=&#8221;4.6.0&#8243; _module_preset=&#8221;default&#8221;][et_pb_column type=&#8221;1_2&#8243; _builder_version=&#8221;4.6.0&#8243; _module_preset=&#8221;default&#8221;][et_pb_text _builder_version=&#8221;4.6.0&#8243; _module_preset=&#8221;default&#8221;]<\/p>\n<div class=\"et_pb_module et_pb_text et_pb_text_1  et_pb_text_align_left et_pb_bg_layout_light\">\n<h2 class=\"et_pb_text_inner\">4. Revontulien bongaus<\/h2>\n<\/div>\n<div class=\"et_pb_module et_pb_text et_pb_text_2  et_pb_text_align_left et_pb_bg_layout_light\">\n<div class=\"et_pb_text_inner\">\n<h3>Syksyinen, sametinsininen taivas, kuu ja t\u00e4hdet tarjoavat unohtumattoman milj\u00f6\u00f6n bongata revontulia Pyh\u00e4ll\u00e4. Asenna puhelimeesi Aurora Alert, joka h\u00e4lytt\u00e4\u00e4, kun revontulia on mahdollista n\u00e4hd\u00e4. Ei siis tarvitse pysytell\u00e4 hereill\u00e4 koko y\u00f6t\u00e4! Vaella hieman kauemmaksi valosaasteesta, jotta n\u00e4kym\u00e4 taivaalle on mahdollisimman hyv\u00e4. Jos haluat kuulla tarinoita revontulista ja t\u00e4hdist\u00e4, osallistu ohjatulle retkelle, jossa paikallisopas johdattaa sinut parhaille n\u00e4k\u00f6alapaikoille.<\/h3>\n<\/div>\n<\/div>\n<p>[\/et_pb_text][\/et_pb_column][et_pb_column type=&#8221;1_2&#8243; _builder_version=&#8221;4.6.0&#8243; _module_preset=&#8221;default&#8221;][et_pb_image src=&#8221;https:\/\/visitarcticnorth.fi\/wp-content\/uploads\/2020\/01\/luosto.png&#8221; title_text=&#8221;luosto&#8221; _builder_version=&#8221;4.6.0&#8243; _module_preset=&#8221;default&#8221; width=&#8221;78%&#8221; max_width=&#8221;78%&#8221;][\/et_pb_image][\/et_pb_column][\/et_pb_row][et_pb_row column_structure=&#8221;1_2,1_2&#8243; _builder_version=&#8221;4.6.0&#8243; _module_preset=&#8221;default&#8221;][et_pb_column type=&#8221;1_2&#8243; _builder_version=&#8221;4.6.0&#8243; _module_preset=&#8221;default&#8221;][et_pb_text _builder_version=&#8221;4.6.0&#8243; _module_preset=&#8221;default&#8221;]<\/p>\n<div class=\"et_pb_module et_pb_text et_pb_text_1  et_pb_text_align_left et_pb_bg_layout_light\">\n<h2 class=\"et_pb_text_inner\">5. Aito, lappilainen ruoka<\/h2>\n<\/div>\n<div class=\"et_pb_module et_pb_text et_pb_text_2  et_pb_text_align_left et_pb_bg_layout_light\">\n<div class=\"et_pb_text_inner\">\n<h3>Pyh\u00e4-Luostolla kohtaavat kiireet\u00f6n ja aito lappilainen el\u00e4m\u00e4nmeno sek\u00e4 nykyaikaiset, tasokkaat palvelut. Nauti lounastauolla ravitsevaa ja terveellist\u00e4 lappilaista ruokaa tai kruunaa Pyh\u00e4 -p\u00e4iv\u00e4 &#8211; ikimuistoisella illallisella. Pyh\u00e4n ravintolayritt\u00e4jille on kunnia-asia tarjota hyv\u00e4\u00e4, paikallisista raaka-aineista valmistettua ruokaa, nykyaikaisella otteella. Tutustu esimerkiksi kotoisan ravintola Huttuhipun antimiin, keskeisell\u00e4 paikalla, perherinteen kyljess\u00e4. Huttuhippua leimaa paikallisuus, Lapin antimet ja pieteetill\u00e4 tehty ruoka. Huttu-Pubin puolella voit maistella oman pienpanimon oluita! My\u00f6s rinneravintola Huttu-Uulan herkut loihditaan l\u00e4hell\u00e4 hankituista, puhtaista raaka-aineista, ja kodikkaassa ja tunnelmallisessa milj\u00f6\u00f6ss\u00e4 hyv\u00e4n palvelun \u00e4\u00e4rell\u00e4 viihdyt\u00e4\u00e4n pitk\u00e4\u00e4n.<\/h3>\n<\/div>\n<\/div>\n<p>[\/et_pb_text][\/et_pb_column][et_pb_column type=&#8221;1_2&#8243; _builder_version=&#8221;4.6.0&#8243; _module_preset=&#8221;default&#8221;][et_pb_image src=&#8221;https:\/\/visitarcticnorth.fi\/wp-content\/uploads\/2020\/09\/syksy_4.png&#8221; title_text=&#8221;syksy_4&#8243; _builder_version=&#8221;4.6.0&#8243; _module_preset=&#8221;default&#8221; width=&#8221;78%&#8221; max_width=&#8221;78%&#8221;][\/et_pb_image][\/et_pb_column][\/et_pb_row][et_pb_row _builder_version=&#8221;4.6.0&#8243; _module_preset=&#8221;default&#8221;][et_pb_column type=&#8221;4_4&#8243; _builder_version=&#8221;4.6.0&#8243; _module_preset=&#8221;default&#8221;][et_pb_text _builder_version=&#8221;4.6.0&#8243; _module_preset=&#8221;default&#8221;]<\/p>\n<h3>\u00a0<\/h3>\n<h3 style=\"text-align: center;\"><strong>L\u00f6yd\u00e4t ja ostat Pyh\u00e4n alueen parhaat aktiviteetit helposti Arctic Northin verkkokaupasta.<\/strong><\/h3>\n<p>[\/et_pb_text][et_pb_button button_url=&#8221;https:\/\/visitarcticnorth.fi\/fi\/kesa-syysaktiviteetit\/&#8221; button_text=&#8221;Tutustu syysaktiviteetteihin&#8221; button_alignment=&#8221;center&#8221; _builder_version=&#8221;4.6.0&#8243; _module_preset=&#8221;default&#8221;][\/et_pb_button][\/et_pb_column][\/et_pb_row][\/et_pb_section]<\/p>\n","protected":false},"excerpt":{"rendered":"<p>Tervetuloa kokemaan ainutlaatuinen jylh\u00e4 tunturimaisema, upea luonto ja Pyh\u00e4-Luoston rauha autenttiseen Lapin taikamaahan. Pyh\u00e4-Luostolla kohtaavat kiireet\u00f6n ja aito lappilainen el\u00e4m\u00e4nmeno sek\u00e4 nykyaikaiset, tasokkaat palvelut. Koska yhdell\u00e4 lomalla ei ehdi kokea kaikkea, olemme ker\u00e4nneet t\u00e4h\u00e4n muutaman t\u00e4rpin, jotka ovat Pyh\u00e4n syksyss\u00e4 aivan must! \u00a0 TOP 5 1. Syksyinen kansallispuisto Koe lumoava ruska ja syksyinen kansallispuisto aitiopaikalla [&hellip;]<\/p>\n","protected":false},"author":2,"featured_media":0,"parent":0,"menu_order":0,"comment_status":"closed","ping_status":"closed","template":"","meta":{"_et_pb_use_builder":"on","_et_pb_old_content":"","_et_gb_content_width":"","footnotes":""},"class_list":["post-3874","page","type-page","status-publish","hentry"],"yoast_head":"<!-- This site is optimized with the Yoast SEO plugin v27.3 - https:\/\/yoast.com\/product\/yoast-seo-wordpress\/ -->\n<title>Syysloma Pyh\u00e4-Luostolla - Visit Arctic North<\/title>\n<meta name=\"robots\" content=\"index, follow, max-snippet:-1, max-image-preview:large, max-video-preview:-1\" \/>\n<link rel=\"canonical\" href=\"https:\/\/visitarcticnorth.fi\/fi\/syysloma-pyha-luostolla\/\" \/>\n<meta property=\"og:locale\" content=\"fi_FI\" \/>\n<meta property=\"og:type\" content=\"article\" \/>\n<meta property=\"og:title\" content=\"Syysloma Pyh\u00e4-Luostolla - Visit Arctic North\" \/>\n<meta property=\"og:description\" content=\"Tervetuloa kokemaan ainutlaatuinen jylh\u00e4 tunturimaisema, upea luonto ja Pyh\u00e4-Luoston rauha autenttiseen Lapin taikamaahan. Pyh\u00e4-Luostolla kohtaavat kiireet\u00f6n ja aito lappilainen el\u00e4m\u00e4nmeno sek\u00e4 nykyaikaiset, tasokkaat palvelut. Koska yhdell\u00e4 lomalla ei ehdi kokea kaikkea, olemme ker\u00e4nneet t\u00e4h\u00e4n muutaman t\u00e4rpin, jotka ovat Pyh\u00e4n syksyss\u00e4 aivan must! \u00a0 TOP 5 1. Syksyinen kansallispuisto Koe lumoava ruska ja syksyinen kansallispuisto aitiopaikalla [&hellip;]\" \/>\n<meta property=\"og:url\" content=\"https:\/\/visitarcticnorth.fi\/fi\/syysloma-pyha-luostolla\/\" \/>\n<meta property=\"og:site_name\" content=\"Visit Arctic North\" \/>\n<meta property=\"article:publisher\" content=\"https:\/\/www.facebook.com\/visitarcticnorth\/\" \/>\n<meta property=\"article:modified_time\" content=\"2020-09-08T17:11:12+00:00\" \/>\n<meta property=\"og:image\" content=\"https:\/\/i0.wp.com\/visitarcticnorth.fi\/wp-content\/uploads\/2023\/12\/Visit-Arctic-North-Logotalvimaisema.png?fit=1200%2C675&ssl=1\" \/>\n\t<meta property=\"og:image:width\" content=\"1200\" \/>\n\t<meta property=\"og:image:height\" content=\"675\" \/>\n\t<meta property=\"og:image:type\" content=\"image\/png\" \/>\n<meta name=\"twitter:card\" content=\"summary_large_image\" \/>\n<meta name=\"twitter:label1\" content=\"Arvioitu lukuaika\" \/>\n\t<meta name=\"twitter:data1\" content=\"8 minuuttia\" \/>\n<script type=\"application\/ld+json\" class=\"yoast-schema-graph\">{\"@context\":\"https:\\\/\\\/schema.org\",\"@graph\":[{\"@type\":\"WebPage\",\"@id\":\"https:\\\/\\\/visitarcticnorth.fi\\\/fi\\\/syysloma-pyha-luostolla\\\/\",\"url\":\"https:\\\/\\\/visitarcticnorth.fi\\\/fi\\\/syysloma-pyha-luostolla\\\/\",\"name\":\"Syysloma Pyh\u00e4-Luostolla - Visit Arctic North\",\"isPartOf\":{\"@id\":\"https:\\\/\\\/visitarcticnorth.fi\\\/fi\\\/#website\"},\"datePublished\":\"2020-09-07T16:03:28+00:00\",\"dateModified\":\"2020-09-08T17:11:12+00:00\",\"breadcrumb\":{\"@id\":\"https:\\\/\\\/visitarcticnorth.fi\\\/fi\\\/syysloma-pyha-luostolla\\\/#breadcrumb\"},\"inLanguage\":\"fi\",\"potentialAction\":[{\"@type\":\"ReadAction\",\"target\":[\"https:\\\/\\\/visitarcticnorth.fi\\\/fi\\\/syysloma-pyha-luostolla\\\/\"]}]},{\"@type\":\"BreadcrumbList\",\"@id\":\"https:\\\/\\\/visitarcticnorth.fi\\\/fi\\\/syysloma-pyha-luostolla\\\/#breadcrumb\",\"itemListElement\":[{\"@type\":\"ListItem\",\"position\":1,\"name\":\"Home\",\"item\":\"https:\\\/\\\/visitarcticnorth.fi\\\/fi\\\/\"},{\"@type\":\"ListItem\",\"position\":2,\"name\":\"Syysloma Pyh\u00e4-Luostolla\"}]},{\"@type\":\"WebSite\",\"@id\":\"https:\\\/\\\/visitarcticnorth.fi\\\/fi\\\/#website\",\"url\":\"https:\\\/\\\/visitarcticnorth.fi\\\/fi\\\/\",\"name\":\"Visit Arctic North\",\"description\":\"Best of Pyh\u00e4-Luosto\",\"publisher\":{\"@id\":\"https:\\\/\\\/visitarcticnorth.fi\\\/fi\\\/#organization\"},\"alternateName\":\"Arctic North\",\"potentialAction\":[{\"@type\":\"SearchAction\",\"target\":{\"@type\":\"EntryPoint\",\"urlTemplate\":\"https:\\\/\\\/visitarcticnorth.fi\\\/fi\\\/?s={search_term_string}\"},\"query-input\":{\"@type\":\"PropertyValueSpecification\",\"valueRequired\":true,\"valueName\":\"search_term_string\"}}],\"inLanguage\":\"fi\"},{\"@type\":\"Organization\",\"@id\":\"https:\\\/\\\/visitarcticnorth.fi\\\/fi\\\/#organization\",\"name\":\"Visit Arctic North\",\"alternateName\":\"Arctic North\",\"url\":\"https:\\\/\\\/visitarcticnorth.fi\\\/fi\\\/\",\"logo\":{\"@type\":\"ImageObject\",\"inLanguage\":\"fi\",\"@id\":\"https:\\\/\\\/visitarcticnorth.fi\\\/fi\\\/#\\\/schema\\\/logo\\\/image\\\/\",\"url\":\"https:\\\/\\\/i0.wp.com\\\/visitarcticnorth.fi\\\/wp-content\\\/uploads\\\/2023\\\/12\\\/Nimeton-malli-1.png?fit=500%2C500&ssl=1\",\"contentUrl\":\"https:\\\/\\\/i0.wp.com\\\/visitarcticnorth.fi\\\/wp-content\\\/uploads\\\/2023\\\/12\\\/Nimeton-malli-1.png?fit=500%2C500&ssl=1\",\"width\":500,\"height\":500,\"caption\":\"Visit Arctic North\"},\"image\":{\"@id\":\"https:\\\/\\\/visitarcticnorth.fi\\\/fi\\\/#\\\/schema\\\/logo\\\/image\\\/\"},\"sameAs\":[\"https:\\\/\\\/www.facebook.com\\\/visitarcticnorth\\\/\",\"https:\\\/\\\/www.instagram.com\\\/visitarcticnorth\\\/\"]}]}<\/script>\n<!-- \/ Yoast SEO plugin. -->","yoast_head_json":{"title":"Syysloma Pyh\u00e4-Luostolla - Visit Arctic North","robots":{"index":"index","follow":"follow","max-snippet":"max-snippet:-1","max-image-preview":"max-image-preview:large","max-video-preview":"max-video-preview:-1"},"canonical":"https:\/\/visitarcticnorth.fi\/fi\/syysloma-pyha-luostolla\/","og_locale":"fi_FI","og_type":"article","og_title":"Syysloma Pyh\u00e4-Luostolla - Visit Arctic North","og_description":"Tervetuloa kokemaan ainutlaatuinen jylh\u00e4 tunturimaisema, upea luonto ja Pyh\u00e4-Luoston rauha autenttiseen Lapin taikamaahan. Pyh\u00e4-Luostolla kohtaavat kiireet\u00f6n ja aito lappilainen el\u00e4m\u00e4nmeno sek\u00e4 nykyaikaiset, tasokkaat palvelut. Koska yhdell\u00e4 lomalla ei ehdi kokea kaikkea, olemme ker\u00e4nneet t\u00e4h\u00e4n muutaman t\u00e4rpin, jotka ovat Pyh\u00e4n syksyss\u00e4 aivan must! \u00a0 TOP 5 1. Syksyinen kansallispuisto Koe lumoava ruska ja syksyinen kansallispuisto aitiopaikalla [&hellip;]","og_url":"https:\/\/visitarcticnorth.fi\/fi\/syysloma-pyha-luostolla\/","og_site_name":"Visit Arctic North","article_publisher":"https:\/\/www.facebook.com\/visitarcticnorth\/","article_modified_time":"2020-09-08T17:11:12+00:00","og_image":[{"width":1200,"height":675,"url":"https:\/\/i0.wp.com\/visitarcticnorth.fi\/wp-content\/uploads\/2023\/12\/Visit-Arctic-North-Logotalvimaisema.png?fit=1200%2C675&ssl=1","type":"image\/png"}],"twitter_card":"summary_large_image","twitter_misc":{"Arvioitu lukuaika":"8 minuuttia"},"schema":{"@context":"https:\/\/schema.org","@graph":[{"@type":"WebPage","@id":"https:\/\/visitarcticnorth.fi\/fi\/syysloma-pyha-luostolla\/","url":"https:\/\/visitarcticnorth.fi\/fi\/syysloma-pyha-luostolla\/","name":"Syysloma Pyh\u00e4-Luostolla - Visit Arctic North","isPartOf":{"@id":"https:\/\/visitarcticnorth.fi\/fi\/#website"},"datePublished":"2020-09-07T16:03:28+00:00","dateModified":"2020-09-08T17:11:12+00:00","breadcrumb":{"@id":"https:\/\/visitarcticnorth.fi\/fi\/syysloma-pyha-luostolla\/#breadcrumb"},"inLanguage":"fi","potentialAction":[{"@type":"ReadAction","target":["https:\/\/visitarcticnorth.fi\/fi\/syysloma-pyha-luostolla\/"]}]},{"@type":"BreadcrumbList","@id":"https:\/\/visitarcticnorth.fi\/fi\/syysloma-pyha-luostolla\/#breadcrumb","itemListElement":[{"@type":"ListItem","position":1,"name":"Home","item":"https:\/\/visitarcticnorth.fi\/fi\/"},{"@type":"ListItem","position":2,"name":"Syysloma Pyh\u00e4-Luostolla"}]},{"@type":"WebSite","@id":"https:\/\/visitarcticnorth.fi\/fi\/#website","url":"https:\/\/visitarcticnorth.fi\/fi\/","name":"Visit Arctic North","description":"Best of Pyh\u00e4-Luosto","publisher":{"@id":"https:\/\/visitarcticnorth.fi\/fi\/#organization"},"alternateName":"Arctic North","potentialAction":[{"@type":"SearchAction","target":{"@type":"EntryPoint","urlTemplate":"https:\/\/visitarcticnorth.fi\/fi\/?s={search_term_string}"},"query-input":{"@type":"PropertyValueSpecification","valueRequired":true,"valueName":"search_term_string"}}],"inLanguage":"fi"},{"@type":"Organization","@id":"https:\/\/visitarcticnorth.fi\/fi\/#organization","name":"Visit Arctic North","alternateName":"Arctic North","url":"https:\/\/visitarcticnorth.fi\/fi\/","logo":{"@type":"ImageObject","inLanguage":"fi","@id":"https:\/\/visitarcticnorth.fi\/fi\/#\/schema\/logo\/image\/","url":"https:\/\/i0.wp.com\/visitarcticnorth.fi\/wp-content\/uploads\/2023\/12\/Nimeton-malli-1.png?fit=500%2C500&ssl=1","contentUrl":"https:\/\/i0.wp.com\/visitarcticnorth.fi\/wp-content\/uploads\/2023\/12\/Nimeton-malli-1.png?fit=500%2C500&ssl=1","width":500,"height":500,"caption":"Visit Arctic North"},"image":{"@id":"https:\/\/visitarcticnorth.fi\/fi\/#\/schema\/logo\/image\/"},"sameAs":["https:\/\/www.facebook.com\/visitarcticnorth\/","https:\/\/www.instagram.com\/visitarcticnorth\/"]}]}},"jetpack_sharing_enabled":true,"_links":{"self":[{"href":"https:\/\/visitarcticnorth.fi\/fi\/wp-json\/wp\/v2\/pages\/3874","targetHints":{"allow":["GET"]}}],"collection":[{"href":"https:\/\/visitarcticnorth.fi\/fi\/wp-json\/wp\/v2\/pages"}],"about":[{"href":"https:\/\/visitarcticnorth.fi\/fi\/wp-json\/wp\/v2\/types\/page"}],"author":[{"embeddable":true,"href":"https:\/\/visitarcticnorth.fi\/fi\/wp-json\/wp\/v2\/users\/2"}],"replies":[{"embeddable":true,"href":"https:\/\/visitarcticnorth.fi\/fi\/wp-json\/wp\/v2\/comments?post=3874"}],"version-history":[{"count":91,"href":"https:\/\/visitarcticnorth.fi\/fi\/wp-json\/wp\/v2\/pages\/3874\/revisions"}],"predecessor-version":[{"id":4101,"href":"https:\/\/visitarcticnorth.fi\/fi\/wp-json\/wp\/v2\/pages\/3874\/revisions\/4101"}],"wp:attachment":[{"href":"https:\/\/visitarcticnorth.fi\/fi\/wp-json\/wp\/v2\/media?parent=3874"}],"curies":[{"name":"wp","href":"https:\/\/api.w.org\/{rel}","templated":true}]}}