{"id":4334,"date":"2020-11-20T23:43:28","date_gmt":"2020-11-20T21:43:28","guid":{"rendered":"https:\/\/visitarcticnorth.fi\/?page_id=4334"},"modified":"2020-11-20T23:51:24","modified_gmt":"2020-11-20T21:51:24","slug":"rekryilmoitus","status":"publish","type":"page","link":"https:\/\/visitarcticnorth.fi\/fi\/rekryilmoitus\/","title":{"rendered":"Rekryilmoitus"},"content":{"rendered":"<p><strong>Resort Manager Pyh\u00e4-Luostolle<\/strong><br \/>\n<strong>Visit Arctic North, Flying Reindeer Resort<\/strong><br \/>\n<strong>Pyh\u00e4tunturin Ravintolat Oy<\/strong><\/p>\n<p><strong>Joko kuulet tunturin kutsun?<\/strong><\/p>\n<p>Visit Arctic North palvelee Pyh\u00e4-Luoston matkailijoita ja matkanj\u00e4rjest\u00e4ji\u00e4 matkan suunnittelussa sek\u00e4 matkan aikana. Ydintoimintaamme on aktiviteetteja myyv\u00e4n verkkokaupan yll\u00e4pito ja alueen muiden palveluiden myynti ja markkinointi. Olemme nyt laajentamassa toimintaamme my\u00f6s majoituspalveluihin Luostolla. Toimimme tiiviiss\u00e4 yhteisty\u00f6ss\u00e4 Pyh\u00e4tunturin Ravintolat Oy:n kanssa.<\/p>\n<p>Haemme nyt tiimiimme vahvistukseksi palveluhenkist\u00e4 j\u00e4sent\u00e4, joka ottaa vastuulleen erityisesti Flying Reindeerin operatiivisen toiminnan talvikaudelle 2020-2021. Resort Manager vastaa palveluiden<br \/>\nkehitt\u00e4misest\u00e4 asiakasl\u00e4ht\u00f6isesti ja tuloksellisesti ja on itsekin vahvassa roolissa asiakaspalveluty\u00f6ss\u00e4. Teht\u00e4viin kuuluu my\u00f6s verkkokaupan yll\u00e4pito sek\u00e4 markkinoinnin koordinointi ja digimarkkinointiosaamisen mukaan. Toivomme, ett\u00e4 olet oma-aloitteinen ja ty\u00f6skentelet mielell\u00e4si my\u00f6s itsen\u00e4isesti. Hyv\u00e4 kielitaito ja kokemus matkailun teht\u00e4vist\u00e4 katsotaan eduksi. Sinun ei kuitenkaan tarvitse olla valmis ammattilainen, sill\u00e4 saat tueksesi osaavan joukon muita tiimin j\u00e4seni\u00e4 ja yhteisty\u00f6kumppaneita. Etsimme ensisijaisesti hyv\u00e4\u00e4 tyyppi\u00e4, joka on kiinnostunut kehittym\u00e4\u00e4n.<\/p>\n<p>Jos innostuit teht\u00e4v\u00e4st\u00e4, l\u00e4het\u00e4 hakemuksesi, palkkatoiveesi ja CV:si mahdollisimman pian, sill\u00e4 haastattelemme hakijoita jo hakuaikana. Viimeinen hakup\u00e4iv\u00e4 on <strong>30.11.2020<\/strong>. K\u00e4yt\u00e4mme rekrytointiprosessissa tarvittaessa apuna videoyhteytt\u00e4.<\/p>\n<p><strong>Hakemukset ja lis\u00e4tiedot:<\/strong><br \/>\n<strong>Sini Laukkanen<\/strong><br \/>\nsini@visitarcticnorth.fi<br \/>\np. 040 152 5258<\/p>\n<p>Ty\u00f6 alkaa joulukuussa 2020 ja kest\u00e4\u00e4 kev\u00e4\u00e4seen 2021. Mahdollisuus my\u00f6s ymp\u00e4rivuotiseen ty\u00f6h\u00f6n Visit Arctic Northin eri teht\u00e4viss\u00e4.<\/p>\n<p>&nbsp;<\/p>\n","protected":false},"excerpt":{"rendered":"<p>Resort Manager Pyh\u00e4-Luostolle Visit Arctic North, Flying Reindeer Resort Pyh\u00e4tunturin Ravintolat Oy Joko kuulet tunturin kutsun? Visit Arctic North palvelee Pyh\u00e4-Luoston matkailijoita ja matkanj\u00e4rjest\u00e4ji\u00e4 matkan suunnittelussa sek\u00e4 matkan aikana. Ydintoimintaamme on aktiviteetteja myyv\u00e4n verkkokaupan yll\u00e4pito ja alueen muiden palveluiden myynti ja markkinointi. Olemme nyt laajentamassa toimintaamme my\u00f6s majoituspalveluihin Luostolla. Toimimme tiiviiss\u00e4 yhteisty\u00f6ss\u00e4 Pyh\u00e4tunturin Ravintolat Oy:n [&hellip;]<\/p>\n","protected":false},"author":2,"featured_media":3043,"parent":0,"menu_order":0,"comment_status":"closed","ping_status":"closed","template":"","meta":{"_et_pb_use_builder":"","_et_pb_old_content":"","_et_gb_content_width":"","footnotes":""},"class_list":["post-4334","page","type-page","status-publish","has-post-thumbnail","hentry"],"yoast_head":"<!-- This site is optimized with the Yoast SEO plugin v27.5 - https:\/\/yoast.com\/product\/yoast-seo-wordpress\/ -->\n<title>Rekryilmoitus - Visit Arctic North<\/title>\n<meta name=\"description\" content=\"Joko kuulet tunturin kutsun? Haemme tiimiimme vahvistukseksi palveluhenkist\u00e4 j\u00e4sent\u00e4, joka ottaa vastuulleen erityisesti Flying Reindeerin operatiivisen toiminnan talvikaudelle 2020-2021.\" \/>\n<meta name=\"robots\" content=\"index, follow, max-snippet:-1, max-image-preview:large, max-video-preview:-1\" \/>\n<link rel=\"canonical\" href=\"https:\/\/visitarcticnorth.fi\/fi\/rekryilmoitus\/\" \/>\n<meta property=\"og:locale\" content=\"fi_FI\" \/>\n<meta property=\"og:type\" content=\"article\" \/>\n<meta property=\"og:title\" content=\"Rekryilmoitus - Visit Arctic North\" \/>\n<meta property=\"og:description\" content=\"Joko kuulet tunturin kutsun? Haemme tiimiimme vahvistukseksi palveluhenkist\u00e4 j\u00e4sent\u00e4, joka ottaa vastuulleen erityisesti Flying Reindeerin operatiivisen toiminnan talvikaudelle 2020-2021.\" \/>\n<meta property=\"og:url\" content=\"https:\/\/visitarcticnorth.fi\/fi\/rekryilmoitus\/\" \/>\n<meta property=\"og:site_name\" content=\"Visit Arctic North\" \/>\n<meta property=\"article:publisher\" content=\"https:\/\/www.facebook.com\/visitarcticnorth\/\" \/>\n<meta property=\"article:modified_time\" content=\"2020-11-20T21:51:24+00:00\" \/>\n<meta property=\"og:image\" content=\"https:\/\/visitarcticnorth.fi\/wp-content\/uploads\/2020\/01\/etusivunostot.png\" \/>\n\t<meta property=\"og:image:width\" content=\"800\" \/>\n\t<meta property=\"og:image:height\" content=\"800\" \/>\n\t<meta property=\"og:image:type\" content=\"image\/png\" \/>\n<meta name=\"twitter:card\" content=\"summary_large_image\" \/>\n<meta name=\"twitter:label1\" content=\"Arvioitu lukuaika\" \/>\n\t<meta name=\"twitter:data1\" content=\"1 minuutti\" \/>\n<script type=\"application\/ld+json\" class=\"yoast-schema-graph\">{\"@context\":\"https:\\\/\\\/schema.org\",\"@graph\":[{\"@type\":\"WebPage\",\"@id\":\"https:\\\/\\\/visitarcticnorth.fi\\\/fi\\\/rekryilmoitus\\\/\",\"url\":\"https:\\\/\\\/visitarcticnorth.fi\\\/fi\\\/rekryilmoitus\\\/\",\"name\":\"Rekryilmoitus - Visit Arctic North\",\"isPartOf\":{\"@id\":\"https:\\\/\\\/visitarcticnorth.fi\\\/fi\\\/#website\"},\"primaryImageOfPage\":{\"@id\":\"https:\\\/\\\/visitarcticnorth.fi\\\/fi\\\/rekryilmoitus\\\/#primaryimage\"},\"image\":{\"@id\":\"https:\\\/\\\/visitarcticnorth.fi\\\/fi\\\/rekryilmoitus\\\/#primaryimage\"},\"thumbnailUrl\":\"https:\\\/\\\/i0.wp.com\\\/visitarcticnorth.fi\\\/wp-content\\\/uploads\\\/2020\\\/01\\\/etusivunostot.png?fit=800%2C800&ssl=1\",\"datePublished\":\"2020-11-20T21:43:28+00:00\",\"dateModified\":\"2020-11-20T21:51:24+00:00\",\"description\":\"Joko kuulet tunturin kutsun? Haemme tiimiimme vahvistukseksi palveluhenkist\u00e4 j\u00e4sent\u00e4, joka ottaa vastuulleen erityisesti Flying Reindeerin operatiivisen toiminnan talvikaudelle 2020-2021.\",\"breadcrumb\":{\"@id\":\"https:\\\/\\\/visitarcticnorth.fi\\\/fi\\\/rekryilmoitus\\\/#breadcrumb\"},\"inLanguage\":\"fi\",\"potentialAction\":[{\"@type\":\"ReadAction\",\"target\":[\"https:\\\/\\\/visitarcticnorth.fi\\\/fi\\\/rekryilmoitus\\\/\"]}]},{\"@type\":\"ImageObject\",\"inLanguage\":\"fi\",\"@id\":\"https:\\\/\\\/visitarcticnorth.fi\\\/fi\\\/rekryilmoitus\\\/#primaryimage\",\"url\":\"https:\\\/\\\/i0.wp.com\\\/visitarcticnorth.fi\\\/wp-content\\\/uploads\\\/2020\\\/01\\\/etusivunostot.png?fit=800%2C800&ssl=1\",\"contentUrl\":\"https:\\\/\\\/i0.wp.com\\\/visitarcticnorth.fi\\\/wp-content\\\/uploads\\\/2020\\\/01\\\/etusivunostot.png?fit=800%2C800&ssl=1\",\"width\":800,\"height\":800},{\"@type\":\"BreadcrumbList\",\"@id\":\"https:\\\/\\\/visitarcticnorth.fi\\\/fi\\\/rekryilmoitus\\\/#breadcrumb\",\"itemListElement\":[{\"@type\":\"ListItem\",\"position\":1,\"name\":\"Home\",\"item\":\"https:\\\/\\\/visitarcticnorth.fi\\\/fi\\\/\"},{\"@type\":\"ListItem\",\"position\":2,\"name\":\"Rekryilmoitus\"}]},{\"@type\":\"WebSite\",\"@id\":\"https:\\\/\\\/visitarcticnorth.fi\\\/fi\\\/#website\",\"url\":\"https:\\\/\\\/visitarcticnorth.fi\\\/fi\\\/\",\"name\":\"Visit Arctic North\",\"description\":\"Best of Pyh\u00e4-Luosto\",\"publisher\":{\"@id\":\"https:\\\/\\\/visitarcticnorth.fi\\\/fi\\\/#organization\"},\"alternateName\":\"Arctic North\",\"potentialAction\":[{\"@type\":\"SearchAction\",\"target\":{\"@type\":\"EntryPoint\",\"urlTemplate\":\"https:\\\/\\\/visitarcticnorth.fi\\\/fi\\\/?s={search_term_string}\"},\"query-input\":{\"@type\":\"PropertyValueSpecification\",\"valueRequired\":true,\"valueName\":\"search_term_string\"}}],\"inLanguage\":\"fi\"},{\"@type\":\"Organization\",\"@id\":\"https:\\\/\\\/visitarcticnorth.fi\\\/fi\\\/#organization\",\"name\":\"Visit Arctic North\",\"alternateName\":\"Arctic North\",\"url\":\"https:\\\/\\\/visitarcticnorth.fi\\\/fi\\\/\",\"logo\":{\"@type\":\"ImageObject\",\"inLanguage\":\"fi\",\"@id\":\"https:\\\/\\\/visitarcticnorth.fi\\\/fi\\\/#\\\/schema\\\/logo\\\/image\\\/\",\"url\":\"https:\\\/\\\/i0.wp.com\\\/visitarcticnorth.fi\\\/wp-content\\\/uploads\\\/2023\\\/12\\\/Nimeton-malli-1.png?fit=500%2C500&ssl=1\",\"contentUrl\":\"https:\\\/\\\/i0.wp.com\\\/visitarcticnorth.fi\\\/wp-content\\\/uploads\\\/2023\\\/12\\\/Nimeton-malli-1.png?fit=500%2C500&ssl=1\",\"width\":500,\"height\":500,\"caption\":\"Visit Arctic North\"},\"image\":{\"@id\":\"https:\\\/\\\/visitarcticnorth.fi\\\/fi\\\/#\\\/schema\\\/logo\\\/image\\\/\"},\"sameAs\":[\"https:\\\/\\\/www.facebook.com\\\/visitarcticnorth\\\/\",\"https:\\\/\\\/www.instagram.com\\\/visitarcticnorth\\\/\"]}]}<\/script>\n<!-- \/ Yoast SEO plugin. -->","yoast_head_json":{"title":"Rekryilmoitus - Visit Arctic North","description":"Joko kuulet tunturin kutsun? Haemme tiimiimme vahvistukseksi palveluhenkist\u00e4 j\u00e4sent\u00e4, joka ottaa vastuulleen erityisesti Flying Reindeerin operatiivisen toiminnan talvikaudelle 2020-2021.","robots":{"index":"index","follow":"follow","max-snippet":"max-snippet:-1","max-image-preview":"max-image-preview:large","max-video-preview":"max-video-preview:-1"},"canonical":"https:\/\/visitarcticnorth.fi\/fi\/rekryilmoitus\/","og_locale":"fi_FI","og_type":"article","og_title":"Rekryilmoitus - Visit Arctic North","og_description":"Joko kuulet tunturin kutsun? Haemme tiimiimme vahvistukseksi palveluhenkist\u00e4 j\u00e4sent\u00e4, joka ottaa vastuulleen erityisesti Flying Reindeerin operatiivisen toiminnan talvikaudelle 2020-2021.","og_url":"https:\/\/visitarcticnorth.fi\/fi\/rekryilmoitus\/","og_site_name":"Visit Arctic North","article_publisher":"https:\/\/www.facebook.com\/visitarcticnorth\/","article_modified_time":"2020-11-20T21:51:24+00:00","og_image":[{"width":800,"height":800,"url":"https:\/\/visitarcticnorth.fi\/wp-content\/uploads\/2020\/01\/etusivunostot.png","type":"image\/png"}],"twitter_card":"summary_large_image","twitter_misc":{"Arvioitu lukuaika":"1 minuutti"},"schema":{"@context":"https:\/\/schema.org","@graph":[{"@type":"WebPage","@id":"https:\/\/visitarcticnorth.fi\/fi\/rekryilmoitus\/","url":"https:\/\/visitarcticnorth.fi\/fi\/rekryilmoitus\/","name":"Rekryilmoitus - Visit Arctic North","isPartOf":{"@id":"https:\/\/visitarcticnorth.fi\/fi\/#website"},"primaryImageOfPage":{"@id":"https:\/\/visitarcticnorth.fi\/fi\/rekryilmoitus\/#primaryimage"},"image":{"@id":"https:\/\/visitarcticnorth.fi\/fi\/rekryilmoitus\/#primaryimage"},"thumbnailUrl":"https:\/\/i0.wp.com\/visitarcticnorth.fi\/wp-content\/uploads\/2020\/01\/etusivunostot.png?fit=800%2C800&ssl=1","datePublished":"2020-11-20T21:43:28+00:00","dateModified":"2020-11-20T21:51:24+00:00","description":"Joko kuulet tunturin kutsun? Haemme tiimiimme vahvistukseksi palveluhenkist\u00e4 j\u00e4sent\u00e4, joka ottaa vastuulleen erityisesti Flying Reindeerin operatiivisen toiminnan talvikaudelle 2020-2021.","breadcrumb":{"@id":"https:\/\/visitarcticnorth.fi\/fi\/rekryilmoitus\/#breadcrumb"},"inLanguage":"fi","potentialAction":[{"@type":"ReadAction","target":["https:\/\/visitarcticnorth.fi\/fi\/rekryilmoitus\/"]}]},{"@type":"ImageObject","inLanguage":"fi","@id":"https:\/\/visitarcticnorth.fi\/fi\/rekryilmoitus\/#primaryimage","url":"https:\/\/i0.wp.com\/visitarcticnorth.fi\/wp-content\/uploads\/2020\/01\/etusivunostot.png?fit=800%2C800&ssl=1","contentUrl":"https:\/\/i0.wp.com\/visitarcticnorth.fi\/wp-content\/uploads\/2020\/01\/etusivunostot.png?fit=800%2C800&ssl=1","width":800,"height":800},{"@type":"BreadcrumbList","@id":"https:\/\/visitarcticnorth.fi\/fi\/rekryilmoitus\/#breadcrumb","itemListElement":[{"@type":"ListItem","position":1,"name":"Home","item":"https:\/\/visitarcticnorth.fi\/fi\/"},{"@type":"ListItem","position":2,"name":"Rekryilmoitus"}]},{"@type":"WebSite","@id":"https:\/\/visitarcticnorth.fi\/fi\/#website","url":"https:\/\/visitarcticnorth.fi\/fi\/","name":"Visit Arctic North","description":"Best of Pyh\u00e4-Luosto","publisher":{"@id":"https:\/\/visitarcticnorth.fi\/fi\/#organization"},"alternateName":"Arctic North","potentialAction":[{"@type":"SearchAction","target":{"@type":"EntryPoint","urlTemplate":"https:\/\/visitarcticnorth.fi\/fi\/?s={search_term_string}"},"query-input":{"@type":"PropertyValueSpecification","valueRequired":true,"valueName":"search_term_string"}}],"inLanguage":"fi"},{"@type":"Organization","@id":"https:\/\/visitarcticnorth.fi\/fi\/#organization","name":"Visit Arctic North","alternateName":"Arctic North","url":"https:\/\/visitarcticnorth.fi\/fi\/","logo":{"@type":"ImageObject","inLanguage":"fi","@id":"https:\/\/visitarcticnorth.fi\/fi\/#\/schema\/logo\/image\/","url":"https:\/\/i0.wp.com\/visitarcticnorth.fi\/wp-content\/uploads\/2023\/12\/Nimeton-malli-1.png?fit=500%2C500&ssl=1","contentUrl":"https:\/\/i0.wp.com\/visitarcticnorth.fi\/wp-content\/uploads\/2023\/12\/Nimeton-malli-1.png?fit=500%2C500&ssl=1","width":500,"height":500,"caption":"Visit Arctic North"},"image":{"@id":"https:\/\/visitarcticnorth.fi\/fi\/#\/schema\/logo\/image\/"},"sameAs":["https:\/\/www.facebook.com\/visitarcticnorth\/","https:\/\/www.instagram.com\/visitarcticnorth\/"]}]}},"jetpack_sharing_enabled":true,"_links":{"self":[{"href":"https:\/\/visitarcticnorth.fi\/fi\/wp-json\/wp\/v2\/pages\/4334","targetHints":{"allow":["GET"]}}],"collection":[{"href":"https:\/\/visitarcticnorth.fi\/fi\/wp-json\/wp\/v2\/pages"}],"about":[{"href":"https:\/\/visitarcticnorth.fi\/fi\/wp-json\/wp\/v2\/types\/page"}],"author":[{"embeddable":true,"href":"https:\/\/visitarcticnorth.fi\/fi\/wp-json\/wp\/v2\/users\/2"}],"replies":[{"embeddable":true,"href":"https:\/\/visitarcticnorth.fi\/fi\/wp-json\/wp\/v2\/comments?post=4334"}],"version-history":[{"count":5,"href":"https:\/\/visitarcticnorth.fi\/fi\/wp-json\/wp\/v2\/pages\/4334\/revisions"}],"predecessor-version":[{"id":4339,"href":"https:\/\/visitarcticnorth.fi\/fi\/wp-json\/wp\/v2\/pages\/4334\/revisions\/4339"}],"wp:featuredmedia":[{"embeddable":true,"href":"https:\/\/visitarcticnorth.fi\/fi\/wp-json\/wp\/v2\/media\/3043"}],"wp:attachment":[{"href":"https:\/\/visitarcticnorth.fi\/fi\/wp-json\/wp\/v2\/media?parent=4334"}],"curies":[{"name":"wp","href":"https:\/\/api.w.org\/{rel}","templated":true}]}}